{"id":1008,"date":"2021-07-21T17:49:09","date_gmt":"2021-07-21T15:49:09","guid":{"rendered":"https:\/\/cmplast.it\/bearbeitung-von-thermoplastischem-material\/"},"modified":"2021-08-27T15:38:03","modified_gmt":"2021-08-27T13:38:03","slug":"bearbeitung-von-thermoplastischem-material","status":"publish","type":"page","link":"https:\/\/cmplast.it\/de\/unsere-taetigkeit\/bearbeitung-von-thermoplastischem-material\/","title":{"rendered":"Bearbeitung von thermoplastischem material"},"content":{"rendered":"\t\t<div data-elementor-type=\"wp-post\" data-elementor-id=\"1008\" class=\"elementor elementor-1008 elementor-304 elementor-bc-flex-widget\" data-elementor-post-type=\"page\">\n\t\t\t\t\t\t<section class=\"elementor-section elementor-top-section elementor-element elementor-element-cd88264 elementor-section-boxed elementor-section-height-default elementor-section-height-default\" data-id=\"cd88264\" data-element_type=\"section\" data-settings=\"{&quot;background_background&quot;:&quot;classic&quot;}\">\n\t\t\t\t\t\t\t<div class=\"elementor-background-overlay\"><\/div>\n\t\t\t\t\t\t\t<div class=\"elementor-container elementor-column-gap-default\">\n\t\t\t\t\t<div class=\"elementor-column elementor-col-100 elementor-top-column elementor-element elementor-element-72de26b\" data-id=\"72de26b\" data-element_type=\"column\">\n\t\t\t<div class=\"elementor-widget-wrap elementor-element-populated\">\n\t\t\t\t\t\t<div class=\"elementor-element elementor-element-fdf6194 elementor-widget elementor-widget-heading\" data-id=\"fdf6194\" data-element_type=\"widget\" data-widget_type=\"heading.default\">\n\t\t\t\t<div class=\"elementor-widget-container\">\n\t\t\t\t\t<h2 class=\"elementor-heading-title elementor-size-default\">BEARBEITUNG VON THERMOPLASTISCHEM MATERIAL<\/h2>\t\t\t\t<\/div>\n\t\t\t\t<\/div>\n\t\t\t\t<div class=\"elementor-element elementor-element-63933a4 elementor-widget elementor-widget-image\" data-id=\"63933a4\" data-element_type=\"widget\" data-widget_type=\"image.default\">\n\t\t\t\t<div class=\"elementor-widget-container\">\n\t\t\t\t\t\t\t\t\t\t\t\t\t\t\t<img decoding=\"async\" width=\"300\" height=\"12\" src=\"https:\/\/cmplast.it\/wp-content\/uploads\/sottoiltitolo-300x12.png\" class=\"attachment-medium size-medium wp-image-75\" alt=\"\" \/>\t\t\t\t\t\t\t\t\t\t\t\t\t\t\t<\/div>\n\t\t\t\t<\/div>\n\t\t\t\t\t<\/div>\n\t\t<\/div>\n\t\t\t\t\t<\/div>\n\t\t<\/section>\n\t\t\t\t<section class=\"elementor-section elementor-top-section elementor-element elementor-element-2a23682 elementor-section-boxed elementor-section-height-default elementor-section-height-default\" data-id=\"2a23682\" data-element_type=\"section\" data-settings=\"{&quot;background_background&quot;:&quot;classic&quot;}\">\n\t\t\t\t\t\t<div class=\"elementor-container elementor-column-gap-default\">\n\t\t\t\t\t<div class=\"elementor-column elementor-col-100 elementor-top-column elementor-element elementor-element-5e0ec52\" data-id=\"5e0ec52\" data-element_type=\"column\">\n\t\t\t<div class=\"elementor-widget-wrap elementor-element-populated\">\n\t\t\t\t\t\t<div class=\"elementor-element elementor-element-5cb1a02 elementor-widget elementor-widget-heading\" data-id=\"5cb1a02\" data-element_type=\"widget\" data-widget_type=\"heading.default\">\n\t\t\t\t<div class=\"elementor-widget-container\">\n\t\t\t\t\t<h1 class=\"elementor-heading-title elementor-size-default\">PVC-Profilextrusion: die Bearbeitungen von CM Plast<\/h1>\t\t\t\t<\/div>\n\t\t\t\t<\/div>\n\t\t\t\t<div class=\"elementor-element elementor-element-024f09f elementor-widget elementor-widget-image\" data-id=\"024f09f\" data-element_type=\"widget\" data-widget_type=\"image.default\">\n\t\t\t\t<div class=\"elementor-widget-container\">\n\t\t\t\t\t\t\t\t\t\t\t\t\t\t\t<img decoding=\"async\" width=\"300\" height=\"12\" src=\"https:\/\/cmplast.it\/wp-content\/uploads\/sottoiltitolo-300x12.png\" class=\"attachment-medium size-medium wp-image-75\" alt=\"\" \/>\t\t\t\t\t\t\t\t\t\t\t\t\t\t\t<\/div>\n\t\t\t\t<\/div>\n\t\t\t\t<div class=\"elementor-element elementor-element-dd12df8 elementor-widget elementor-widget-text-editor\" data-id=\"dd12df8\" data-element_type=\"widget\" data-widget_type=\"text-editor.default\">\n\t\t\t\t<div class=\"elementor-widget-container\">\n\t\t\t\t\t\t\t\t\t<p>CM Plast ist spezialisiert auf die Extrusion von PVC-Profilen. Wir f\u00fchren jede Art von mechanischer Bearbeitung an den Profilen durch, wie z.B.: Schneiden, Bohren, Fr\u00e4sen einiger Teile des Profils, Herstellen von Taschen und Endenzuschnitt. Alle Arbeiten werden mit numerisch gesteuerten Maschinen ausgef\u00fchrt, die direkt vom B\u00fcro aus programmiert werden k\u00f6nnen und mit automatischem Werkzeugwechsel ausgestattet sind; diese Maschinen erm\u00f6glichen die Reduzierung sowohl der Arbeitsausf\u00fchrungs-, als auch der R\u00fcstzeiten. Wir f\u00fchren auch die Warmverarbeitung von Kunststoffen durch, wie z.B. Schwei\u00dfen, sowohl mit Heizplatte als auch mit Draht, Biegen und Formen von Rohren und Profilen.<\/p>\n\t\t\t\t\t\t\t\t<\/div>\n\t\t\t\t<\/div>\n\t\t\t\t\t<\/div>\n\t\t<\/div>\n\t\t\t\t\t<\/div>\n\t\t<\/section>\n\t\t\t\t<section class=\"elementor-section elementor-top-section elementor-element elementor-element-d870a17 elementor-section-stretched elementor-section-full_width elementor-section-height-default elementor-section-height-default\" data-id=\"d870a17\" data-element_type=\"section\" data-settings=\"{&quot;stretch_section&quot;:&quot;section-stretched&quot;,&quot;background_background&quot;:&quot;classic&quot;}\">\n\t\t\t\t\t\t<div class=\"elementor-container elementor-column-gap-default\">\n\t\t\t\t\t<div class=\"elementor-column elementor-col-50 elementor-top-column elementor-element elementor-element-4e950fa\" data-id=\"4e950fa\" data-element_type=\"column\" data-settings=\"{&quot;background_background&quot;:&quot;classic&quot;}\">\n\t\t\t<div class=\"elementor-widget-wrap elementor-element-populated\">\n\t\t\t\t\t\t<div class=\"elementor-element elementor-element-6e26a81 elementor-widget elementor-widget-spacer\" data-id=\"6e26a81\" data-element_type=\"widget\" data-widget_type=\"spacer.default\">\n\t\t\t\t<div class=\"elementor-widget-container\">\n\t\t\t\t\t\t\t<div class=\"elementor-spacer\">\n\t\t\t<div class=\"elementor-spacer-inner\"><\/div>\n\t\t<\/div>\n\t\t\t\t\t\t<\/div>\n\t\t\t\t<\/div>\n\t\t\t\t\t<\/div>\n\t\t<\/div>\n\t\t\t\t<div class=\"elementor-column elementor-col-50 elementor-top-column elementor-element elementor-element-ad233d2\" data-id=\"ad233d2\" data-element_type=\"column\" data-settings=\"{&quot;background_background&quot;:&quot;classic&quot;}\">\n\t\t\t<div class=\"elementor-widget-wrap elementor-element-populated\">\n\t\t\t\t\t\t<div class=\"elementor-element elementor-element-a72fe4b elementor-widget elementor-widget-heading\" data-id=\"a72fe4b\" data-element_type=\"widget\" data-widget_type=\"heading.default\">\n\t\t\t\t<div class=\"elementor-widget-container\">\n\t\t\t\t\t<h2 class=\"elementor-heading-title elementor-size-default\">Die wichtigsten Vorteile:<\/h2>\t\t\t\t<\/div>\n\t\t\t\t<\/div>\n\t\t\t\t<div class=\"elementor-element elementor-element-3bcee08 elementor-widget elementor-widget-image\" data-id=\"3bcee08\" data-element_type=\"widget\" data-widget_type=\"image.default\">\n\t\t\t\t<div class=\"elementor-widget-container\">\n\t\t\t\t\t\t\t\t\t\t\t\t\t\t\t<img decoding=\"async\" width=\"300\" height=\"12\" src=\"https:\/\/cmplast.it\/wp-content\/uploads\/sottoiltitolo-300x12.png\" class=\"attachment-medium size-medium wp-image-75\" alt=\"\" \/>\t\t\t\t\t\t\t\t\t\t\t\t\t\t\t<\/div>\n\t\t\t\t<\/div>\n\t\t\t\t<div class=\"elementor-element elementor-element-143966f elementor-widget elementor-widget-text-editor\" data-id=\"143966f\" data-element_type=\"widget\" data-widget_type=\"text-editor.default\">\n\t\t\t\t<div class=\"elementor-widget-container\">\n\t\t\t\t\t\t\t\t\t<ul>\n<li>Exakte Wiederholbarkeit der Bearbeitungsvorg\u00e4nge.<\/li>\n<li>Kostenreduzierung.<\/li>\n<li>Ausf\u00fchrung komplexer Bearbeitungen auch bei kleinen Chargen<\/li>\n<li>Reduzierung des Lagerbestands<\/li>\n<li>Lieferoptimierung und personalisierte Verpackung.<\/li>\n<\/ul>\n\t\t\t\t\t\t\t\t<\/div>\n\t\t\t\t<\/div>\n\t\t\t\t\t<\/div>\n\t\t<\/div>\n\t\t\t\t\t<\/div>\n\t\t<\/section>\n\t\t\t\t<\/div>\n\t\t","protected":false},"excerpt":{"rendered":"<p>BEARBEITUNG VON THERMOPLASTISCHEM MATERIAL PVC-Profilextrusion: die Bearbeitungen von CM Plast CM Plast ist spezialisiert auf die Extrusion von PVC-Profilen. Wir f\u00fchren jede Art von mechanischer Bearbeitung an den Profilen durch, wie z.B.: Schneiden, Bohren, Fr\u00e4sen einiger Teile des Profils, Herstellen von Taschen und Endenzuschnitt. Alle Arbeiten werden mit numerisch gesteuerten Maschinen ausgef\u00fchrt, die direkt vom [&hellip;]<\/p>\n","protected":false},"author":1,"featured_media":0,"parent":1038,"menu_order":0,"comment_status":"closed","ping_status":"closed","template":"elementor_header_footer","meta":{"ocean_post_layout":"","ocean_both_sidebars_style":"","ocean_both_sidebars_content_width":0,"ocean_both_sidebars_sidebars_width":0,"ocean_sidebar":"0","ocean_second_sidebar":"0","ocean_disable_margins":"enable","ocean_add_body_class":"","ocean_shortcode_before_top_bar":"","ocean_shortcode_after_top_bar":"","ocean_shortcode_before_header":"","ocean_shortcode_after_header":"","ocean_has_shortcode":"","ocean_shortcode_after_title":"","ocean_shortcode_before_footer_widgets":"","ocean_shortcode_after_footer_widgets":"","ocean_shortcode_before_footer_bottom":"","ocean_shortcode_after_footer_bottom":"","ocean_display_top_bar":"default","ocean_display_header":"default","ocean_header_style":"","ocean_center_header_left_menu":"0","ocean_custom_header_template":"0","ocean_custom_logo":0,"ocean_custom_retina_logo":0,"ocean_custom_logo_max_width":0,"ocean_custom_logo_tablet_max_width":0,"ocean_custom_logo_mobile_max_width":0,"ocean_custom_logo_max_height":0,"ocean_custom_logo_tablet_max_height":0,"ocean_custom_logo_mobile_max_height":0,"ocean_header_custom_menu":"0","ocean_menu_typo_font_family":"0","ocean_menu_typo_font_subset":"","ocean_menu_typo_font_size":0,"ocean_menu_typo_font_size_tablet":0,"ocean_menu_typo_font_size_mobile":0,"ocean_menu_typo_font_size_unit":"px","ocean_menu_typo_font_weight":"","ocean_menu_typo_font_weight_tablet":"","ocean_menu_typo_font_weight_mobile":"","ocean_menu_typo_transform":"","ocean_menu_typo_transform_tablet":"","ocean_menu_typo_transform_mobile":"","ocean_menu_typo_line_height":0,"ocean_menu_typo_line_height_tablet":0,"ocean_menu_typo_line_height_mobile":0,"ocean_menu_typo_line_height_unit":"","ocean_menu_typo_spacing":0,"ocean_menu_typo_spacing_tablet":0,"ocean_menu_typo_spacing_mobile":0,"ocean_menu_typo_spacing_unit":"","ocean_menu_link_color":"","ocean_menu_link_color_hover":"","ocean_menu_link_color_active":"","ocean_menu_link_background":"","ocean_menu_link_hover_background":"","ocean_menu_link_active_background":"","ocean_menu_social_links_bg":"","ocean_menu_social_hover_links_bg":"","ocean_menu_social_links_color":"","ocean_menu_social_hover_links_color":"","ocean_disable_title":"on","ocean_disable_heading":"default","ocean_post_title":"","ocean_post_subheading":"","ocean_post_title_style":"","ocean_post_title_background_color":"","ocean_post_title_background":0,"ocean_post_title_bg_image_position":"","ocean_post_title_bg_image_attachment":"","ocean_post_title_bg_image_repeat":"","ocean_post_title_bg_image_size":"","ocean_post_title_height":0,"ocean_post_title_bg_overlay":0.5,"ocean_post_title_bg_overlay_color":"","ocean_disable_breadcrumbs":"default","ocean_breadcrumbs_color":"","ocean_breadcrumbs_separator_color":"","ocean_breadcrumbs_links_color":"","ocean_breadcrumbs_links_hover_color":"","ocean_display_footer_widgets":"default","ocean_display_footer_bottom":"default","ocean_custom_footer_template":"0","footnotes":""},"class_list":["post-1008","page","type-page","status-publish","hentry","entry"],"yoast_head":"<!-- This site is optimized with the Yoast SEO plugin v24.7 - https:\/\/yoast.com\/wordpress\/plugins\/seo\/ -->\n<title>PVC-Profilextrusion | CM Plast<\/title>\n<meta name=\"description\" content=\"PVC-Profilextrusionsbetrieb, der nach Deutschland liefert: CM Plast f\u00fchrt alle Arten der Profilbearbeitung durch\" \/>\n<meta name=\"robots\" content=\"index, follow, max-snippet:-1, max-image-preview:large, max-video-preview:-1\" \/>\n<link rel=\"canonical\" href=\"https:\/\/cmplast.it\/de\/unsere-taetigkeit\/bearbeitung-von-thermoplastischem-material\/\" \/>\n<meta property=\"og:locale\" content=\"de_DE\" \/>\n<meta property=\"og:type\" content=\"article\" \/>\n<meta property=\"og:title\" content=\"PVC-Profilextrusion | CM Plast\" \/>\n<meta property=\"og:description\" content=\"PVC-Profilextrusionsbetrieb, der nach Deutschland liefert: CM Plast f\u00fchrt alle Arten der Profilbearbeitung durch\" \/>\n<meta property=\"og:url\" content=\"https:\/\/cmplast.it\/de\/unsere-taetigkeit\/bearbeitung-von-thermoplastischem-material\/\" \/>\n<meta property=\"og:site_name\" content=\"CMplast\" \/>\n<meta property=\"article:modified_time\" content=\"2021-08-27T13:38:03+00:00\" \/>\n<meta property=\"og:image\" content=\"https:\/\/cmplast.it\/wp-content\/uploads\/sottoiltitolo-300x12.png\" \/>\n<meta name=\"twitter:card\" content=\"summary_large_image\" \/>\n<meta name=\"twitter:label1\" content=\"Gesch\u00e4tzte Lesezeit\" \/>\n\t<meta name=\"twitter:data1\" content=\"1\u00a0Minute\" \/>\n<script type=\"application\/ld+json\" class=\"yoast-schema-graph\">{\"@context\":\"https:\/\/schema.org\",\"@graph\":[{\"@type\":\"WebPage\",\"@id\":\"https:\/\/cmplast.it\/de\/unsere-taetigkeit\/bearbeitung-von-thermoplastischem-material\/\",\"url\":\"https:\/\/cmplast.it\/de\/unsere-taetigkeit\/bearbeitung-von-thermoplastischem-material\/\",\"name\":\"PVC-Profilextrusion | CM Plast\",\"isPartOf\":{\"@id\":\"https:\/\/cmplast.it\/#website\"},\"primaryImageOfPage\":{\"@id\":\"https:\/\/cmplast.it\/de\/unsere-taetigkeit\/bearbeitung-von-thermoplastischem-material\/#primaryimage\"},\"image\":{\"@id\":\"https:\/\/cmplast.it\/de\/unsere-taetigkeit\/bearbeitung-von-thermoplastischem-material\/#primaryimage\"},\"thumbnailUrl\":\"https:\/\/cmplast.it\/wp-content\/uploads\/sottoiltitolo-300x12.png\",\"datePublished\":\"2021-07-21T15:49:09+00:00\",\"dateModified\":\"2021-08-27T13:38:03+00:00\",\"description\":\"PVC-Profilextrusionsbetrieb, der nach Deutschland liefert: CM Plast f\u00fchrt alle Arten der Profilbearbeitung durch\",\"breadcrumb\":{\"@id\":\"https:\/\/cmplast.it\/de\/unsere-taetigkeit\/bearbeitung-von-thermoplastischem-material\/#breadcrumb\"},\"inLanguage\":\"de\",\"potentialAction\":[{\"@type\":\"ReadAction\",\"target\":[\"https:\/\/cmplast.it\/de\/unsere-taetigkeit\/bearbeitung-von-thermoplastischem-material\/\"]}]},{\"@type\":\"ImageObject\",\"inLanguage\":\"de\",\"@id\":\"https:\/\/cmplast.it\/de\/unsere-taetigkeit\/bearbeitung-von-thermoplastischem-material\/#primaryimage\",\"url\":\"https:\/\/cmplast.it\/wp-content\/uploads\/sottoiltitolo-300x12.png\",\"contentUrl\":\"https:\/\/cmplast.it\/wp-content\/uploads\/sottoiltitolo-300x12.png\"},{\"@type\":\"BreadcrumbList\",\"@id\":\"https:\/\/cmplast.it\/de\/unsere-taetigkeit\/bearbeitung-von-thermoplastischem-material\/#breadcrumb\",\"itemListElement\":[{\"@type\":\"ListItem\",\"position\":1,\"name\":\"Home\",\"item\":\"https:\/\/cmplast.it\/de\/\"},{\"@type\":\"ListItem\",\"position\":2,\"name\":\"Unsere Taetigkeit\",\"item\":\"https:\/\/cmplast.it\/de\/unsere-taetigkeit\/\"},{\"@type\":\"ListItem\",\"position\":3,\"name\":\"Bearbeitung von thermoplastischem material\"}]},{\"@type\":\"WebSite\",\"@id\":\"https:\/\/cmplast.it\/#website\",\"url\":\"https:\/\/cmplast.it\/\",\"name\":\"CMplast\",\"description\":\"\",\"publisher\":{\"@id\":\"https:\/\/cmplast.it\/#organization\"},\"potentialAction\":[{\"@type\":\"SearchAction\",\"target\":{\"@type\":\"EntryPoint\",\"urlTemplate\":\"https:\/\/cmplast.it\/?s={search_term_string}\"},\"query-input\":{\"@type\":\"PropertyValueSpecification\",\"valueRequired\":true,\"valueName\":\"search_term_string\"}}],\"inLanguage\":\"de\"},{\"@type\":\"Organization\",\"@id\":\"https:\/\/cmplast.it\/#organization\",\"name\":\"CMplast\",\"url\":\"https:\/\/cmplast.it\/\",\"logo\":{\"@type\":\"ImageObject\",\"inLanguage\":\"de\",\"@id\":\"https:\/\/cmplast.it\/#\/schema\/logo\/image\/\",\"url\":\"https:\/\/cmplast.it\/wp-content\/uploads\/cropped-CMPLAST_LOGO_OR_POSITIVO.png\",\"contentUrl\":\"https:\/\/cmplast.it\/wp-content\/uploads\/cropped-CMPLAST_LOGO_OR_POSITIVO.png\",\"width\":500,\"height\":176,\"caption\":\"CMplast\"},\"image\":{\"@id\":\"https:\/\/cmplast.it\/#\/schema\/logo\/image\/\"}}]}<\/script>\n<!-- \/ Yoast SEO plugin. -->","yoast_head_json":{"title":"PVC-Profilextrusion | CM Plast","description":"PVC-Profilextrusionsbetrieb, der nach Deutschland liefert: CM Plast f\u00fchrt alle Arten der Profilbearbeitung durch","robots":{"index":"index","follow":"follow","max-snippet":"max-snippet:-1","max-image-preview":"max-image-preview:large","max-video-preview":"max-video-preview:-1"},"canonical":"https:\/\/cmplast.it\/de\/unsere-taetigkeit\/bearbeitung-von-thermoplastischem-material\/","og_locale":"de_DE","og_type":"article","og_title":"PVC-Profilextrusion | CM Plast","og_description":"PVC-Profilextrusionsbetrieb, der nach Deutschland liefert: CM Plast f\u00fchrt alle Arten der Profilbearbeitung durch","og_url":"https:\/\/cmplast.it\/de\/unsere-taetigkeit\/bearbeitung-von-thermoplastischem-material\/","og_site_name":"CMplast","article_modified_time":"2021-08-27T13:38:03+00:00","og_image":[{"url":"https:\/\/cmplast.it\/wp-content\/uploads\/sottoiltitolo-300x12.png","type":"","width":"","height":""}],"twitter_card":"summary_large_image","twitter_misc":{"Gesch\u00e4tzte Lesezeit":"1\u00a0Minute"},"schema":{"@context":"https:\/\/schema.org","@graph":[{"@type":"WebPage","@id":"https:\/\/cmplast.it\/de\/unsere-taetigkeit\/bearbeitung-von-thermoplastischem-material\/","url":"https:\/\/cmplast.it\/de\/unsere-taetigkeit\/bearbeitung-von-thermoplastischem-material\/","name":"PVC-Profilextrusion | CM Plast","isPartOf":{"@id":"https:\/\/cmplast.it\/#website"},"primaryImageOfPage":{"@id":"https:\/\/cmplast.it\/de\/unsere-taetigkeit\/bearbeitung-von-thermoplastischem-material\/#primaryimage"},"image":{"@id":"https:\/\/cmplast.it\/de\/unsere-taetigkeit\/bearbeitung-von-thermoplastischem-material\/#primaryimage"},"thumbnailUrl":"https:\/\/cmplast.it\/wp-content\/uploads\/sottoiltitolo-300x12.png","datePublished":"2021-07-21T15:49:09+00:00","dateModified":"2021-08-27T13:38:03+00:00","description":"PVC-Profilextrusionsbetrieb, der nach Deutschland liefert: CM Plast f\u00fchrt alle Arten der Profilbearbeitung durch","breadcrumb":{"@id":"https:\/\/cmplast.it\/de\/unsere-taetigkeit\/bearbeitung-von-thermoplastischem-material\/#breadcrumb"},"inLanguage":"de","potentialAction":[{"@type":"ReadAction","target":["https:\/\/cmplast.it\/de\/unsere-taetigkeit\/bearbeitung-von-thermoplastischem-material\/"]}]},{"@type":"ImageObject","inLanguage":"de","@id":"https:\/\/cmplast.it\/de\/unsere-taetigkeit\/bearbeitung-von-thermoplastischem-material\/#primaryimage","url":"https:\/\/cmplast.it\/wp-content\/uploads\/sottoiltitolo-300x12.png","contentUrl":"https:\/\/cmplast.it\/wp-content\/uploads\/sottoiltitolo-300x12.png"},{"@type":"BreadcrumbList","@id":"https:\/\/cmplast.it\/de\/unsere-taetigkeit\/bearbeitung-von-thermoplastischem-material\/#breadcrumb","itemListElement":[{"@type":"ListItem","position":1,"name":"Home","item":"https:\/\/cmplast.it\/de\/"},{"@type":"ListItem","position":2,"name":"Unsere Taetigkeit","item":"https:\/\/cmplast.it\/de\/unsere-taetigkeit\/"},{"@type":"ListItem","position":3,"name":"Bearbeitung von thermoplastischem material"}]},{"@type":"WebSite","@id":"https:\/\/cmplast.it\/#website","url":"https:\/\/cmplast.it\/","name":"CMplast","description":"","publisher":{"@id":"https:\/\/cmplast.it\/#organization"},"potentialAction":[{"@type":"SearchAction","target":{"@type":"EntryPoint","urlTemplate":"https:\/\/cmplast.it\/?s={search_term_string}"},"query-input":{"@type":"PropertyValueSpecification","valueRequired":true,"valueName":"search_term_string"}}],"inLanguage":"de"},{"@type":"Organization","@id":"https:\/\/cmplast.it\/#organization","name":"CMplast","url":"https:\/\/cmplast.it\/","logo":{"@type":"ImageObject","inLanguage":"de","@id":"https:\/\/cmplast.it\/#\/schema\/logo\/image\/","url":"https:\/\/cmplast.it\/wp-content\/uploads\/cropped-CMPLAST_LOGO_OR_POSITIVO.png","contentUrl":"https:\/\/cmplast.it\/wp-content\/uploads\/cropped-CMPLAST_LOGO_OR_POSITIVO.png","width":500,"height":176,"caption":"CMplast"},"image":{"@id":"https:\/\/cmplast.it\/#\/schema\/logo\/image\/"}}]}},"_links":{"self":[{"href":"https:\/\/cmplast.it\/de\/wp-json\/wp\/v2\/pages\/1008","targetHints":{"allow":["GET"]}}],"collection":[{"href":"https:\/\/cmplast.it\/de\/wp-json\/wp\/v2\/pages"}],"about":[{"href":"https:\/\/cmplast.it\/de\/wp-json\/wp\/v2\/types\/page"}],"author":[{"embeddable":true,"href":"https:\/\/cmplast.it\/de\/wp-json\/wp\/v2\/users\/1"}],"replies":[{"embeddable":true,"href":"https:\/\/cmplast.it\/de\/wp-json\/wp\/v2\/comments?post=1008"}],"version-history":[{"count":2,"href":"https:\/\/cmplast.it\/de\/wp-json\/wp\/v2\/pages\/1008\/revisions"}],"predecessor-version":[{"id":1058,"href":"https:\/\/cmplast.it\/de\/wp-json\/wp\/v2\/pages\/1008\/revisions\/1058"}],"up":[{"embeddable":true,"href":"https:\/\/cmplast.it\/de\/wp-json\/wp\/v2\/pages\/1038"}],"wp:attachment":[{"href":"https:\/\/cmplast.it\/de\/wp-json\/wp\/v2\/media?parent=1008"}],"curies":[{"name":"wp","href":"https:\/\/api.w.org\/{rel}","templated":true}]}}