{"id":1010,"date":"2021-07-21T17:53:00","date_gmt":"2021-07-21T15:53:00","guid":{"rendered":"https:\/\/cmplast.it\/bearbeitung-stranggepresster-metalle\/"},"modified":"2021-08-27T10:09:17","modified_gmt":"2021-08-27T08:09:17","slug":"bearbeitung-stranggepresster-metalle","status":"publish","type":"page","link":"https:\/\/cmplast.it\/de\/unsere-taetigkeit\/bearbeitung-stranggepresster-metalle\/","title":{"rendered":"Bearbeitung stranggepresster metalle"},"content":{"rendered":"\t\t<div data-elementor-type=\"wp-post\" data-elementor-id=\"1010\" class=\"elementor elementor-1010 elementor-314 elementor-bc-flex-widget\" data-elementor-post-type=\"page\">\n\t\t\t\t\t\t<section class=\"elementor-section elementor-top-section elementor-element elementor-element-45e87a7 elementor-section-boxed elementor-section-height-default elementor-section-height-default\" data-id=\"45e87a7\" data-element_type=\"section\" data-settings=\"{&quot;background_background&quot;:&quot;classic&quot;}\">\n\t\t\t\t\t\t\t<div class=\"elementor-background-overlay\"><\/div>\n\t\t\t\t\t\t\t<div class=\"elementor-container elementor-column-gap-default\">\n\t\t\t\t\t<div class=\"elementor-column elementor-col-100 elementor-top-column elementor-element elementor-element-e4c6e10\" data-id=\"e4c6e10\" data-element_type=\"column\">\n\t\t\t<div class=\"elementor-widget-wrap elementor-element-populated\">\n\t\t\t\t\t\t<div class=\"elementor-element elementor-element-62eb658 elementor-widget elementor-widget-heading\" data-id=\"62eb658\" data-element_type=\"widget\" data-widget_type=\"heading.default\">\n\t\t\t\t<div class=\"elementor-widget-container\">\n\t\t\t\t\t<h2 class=\"elementor-heading-title elementor-size-default\">BEARBEITUNG STRANGGEPRESSTER METALLE<\/h2>\t\t\t\t<\/div>\n\t\t\t\t<\/div>\n\t\t\t\t<div class=\"elementor-element elementor-element-eec05f2 elementor-widget elementor-widget-image\" data-id=\"eec05f2\" data-element_type=\"widget\" data-widget_type=\"image.default\">\n\t\t\t\t<div class=\"elementor-widget-container\">\n\t\t\t\t\t\t\t\t\t\t\t\t\t\t\t<img decoding=\"async\" width=\"300\" height=\"12\" src=\"https:\/\/cmplast.it\/wp-content\/uploads\/sottoiltitolo-300x12.png\" class=\"attachment-medium size-medium wp-image-75\" alt=\"\" \/>\t\t\t\t\t\t\t\t\t\t\t\t\t\t\t<\/div>\n\t\t\t\t<\/div>\n\t\t\t\t\t<\/div>\n\t\t<\/div>\n\t\t\t\t\t<\/div>\n\t\t<\/section>\n\t\t\t\t<section class=\"elementor-section elementor-top-section elementor-element elementor-element-a5f7999 elementor-section-boxed elementor-section-height-default elementor-section-height-default\" data-id=\"a5f7999\" data-element_type=\"section\" data-settings=\"{&quot;background_background&quot;:&quot;classic&quot;}\">\n\t\t\t\t\t\t<div class=\"elementor-container elementor-column-gap-default\">\n\t\t\t\t\t<div class=\"elementor-column elementor-col-100 elementor-top-column elementor-element elementor-element-58a2926\" data-id=\"58a2926\" data-element_type=\"column\">\n\t\t\t<div class=\"elementor-widget-wrap elementor-element-populated\">\n\t\t\t\t\t\t<div class=\"elementor-element elementor-element-f657179 elementor-widget elementor-widget-heading\" data-id=\"f657179\" data-element_type=\"widget\" data-widget_type=\"heading.default\">\n\t\t\t\t<div class=\"elementor-widget-container\">\n\t\t\t\t\t<h1 class=\"elementor-heading-title elementor-size-default\">Aluminiumprofile: die Arbeitsweise von CM Plast<\/h1>\t\t\t\t<\/div>\n\t\t\t\t<\/div>\n\t\t\t\t<div class=\"elementor-element elementor-element-2e7106a elementor-widget elementor-widget-image\" data-id=\"2e7106a\" data-element_type=\"widget\" data-widget_type=\"image.default\">\n\t\t\t\t<div class=\"elementor-widget-container\">\n\t\t\t\t\t\t\t\t\t\t\t\t\t\t\t<img decoding=\"async\" width=\"300\" height=\"12\" src=\"https:\/\/cmplast.it\/wp-content\/uploads\/sottoiltitolo-300x12.png\" class=\"attachment-medium size-medium wp-image-75\" alt=\"\" \/>\t\t\t\t\t\t\t\t\t\t\t\t\t\t\t<\/div>\n\t\t\t\t<\/div>\n\t\t\t\t<div class=\"elementor-element elementor-element-90d9910 elementor-widget elementor-widget-text-editor\" data-id=\"90d9910\" data-element_type=\"widget\" data-widget_type=\"text-editor.default\">\n\t\t\t\t<div class=\"elementor-widget-container\">\n\t\t\t\t\t\t\t\t\t<p>CM Plast m\u00f6chte maximale Vielseitigkeit und Bereitschaft f\u00fcr Ihre Bed\u00fcrfnisse garantieren: wir f\u00fchren jede Art von mechanischer Bearbeitung an den Profilen durch, wie z.B.: Schneiden, Bohren, Fr\u00e4sen einiger Teile des Profils, die Ausf\u00fchrung von Taschen und Endenzuschnitt. Alle Arbeiten werden mit numerisch gesteuerten Maschinen ausgef\u00fchrt, die direkt vom B\u00fcro aus programmiert werden k\u00f6nnen und mit automatischem Werkzeugwechsel ausgestattet sind; diese Maschinen erm\u00f6glichen die Reduzierung sowohl der Arbeitsausf\u00fchrungs-, als auch der R\u00fcstzeiten.<\/p>\n\t\t\t\t\t\t\t\t<\/div>\n\t\t\t\t<\/div>\n\t\t\t\t\t<\/div>\n\t\t<\/div>\n\t\t\t\t\t<\/div>\n\t\t<\/section>\n\t\t\t\t<section class=\"elementor-section elementor-top-section elementor-element elementor-element-b196cc4 elementor-section-stretched elementor-section-full_width elementor-section-height-default elementor-section-height-default\" data-id=\"b196cc4\" data-element_type=\"section\" data-settings=\"{&quot;stretch_section&quot;:&quot;section-stretched&quot;,&quot;background_background&quot;:&quot;classic&quot;}\">\n\t\t\t\t\t\t<div class=\"elementor-container elementor-column-gap-default\">\n\t\t\t\t\t<div class=\"elementor-column elementor-col-50 elementor-top-column elementor-element elementor-element-2327def\" data-id=\"2327def\" data-element_type=\"column\" data-settings=\"{&quot;background_background&quot;:&quot;classic&quot;}\">\n\t\t\t<div class=\"elementor-widget-wrap elementor-element-populated\">\n\t\t\t\t\t\t<div class=\"elementor-element elementor-element-68f9341 elementor-widget elementor-widget-spacer\" data-id=\"68f9341\" data-element_type=\"widget\" data-widget_type=\"spacer.default\">\n\t\t\t\t<div class=\"elementor-widget-container\">\n\t\t\t\t\t\t\t<div class=\"elementor-spacer\">\n\t\t\t<div class=\"elementor-spacer-inner\"><\/div>\n\t\t<\/div>\n\t\t\t\t\t\t<\/div>\n\t\t\t\t<\/div>\n\t\t\t\t\t<\/div>\n\t\t<\/div>\n\t\t\t\t<div class=\"elementor-column elementor-col-50 elementor-top-column elementor-element elementor-element-69f3a64\" data-id=\"69f3a64\" data-element_type=\"column\" data-settings=\"{&quot;background_background&quot;:&quot;classic&quot;}\">\n\t\t\t<div class=\"elementor-widget-wrap elementor-element-populated\">\n\t\t\t\t\t\t<div class=\"elementor-element elementor-element-3098362 elementor-widget elementor-widget-heading\" data-id=\"3098362\" data-element_type=\"widget\" data-widget_type=\"heading.default\">\n\t\t\t\t<div class=\"elementor-widget-container\">\n\t\t\t\t\t<h2 class=\"elementor-heading-title elementor-size-default\">Die wichtigsten Vorteile:<\/h2>\t\t\t\t<\/div>\n\t\t\t\t<\/div>\n\t\t\t\t<div class=\"elementor-element elementor-element-e2d4e64 elementor-widget elementor-widget-image\" data-id=\"e2d4e64\" data-element_type=\"widget\" data-widget_type=\"image.default\">\n\t\t\t\t<div class=\"elementor-widget-container\">\n\t\t\t\t\t\t\t\t\t\t\t\t\t\t\t<img decoding=\"async\" width=\"300\" height=\"12\" src=\"https:\/\/cmplast.it\/wp-content\/uploads\/sottoiltitolo-300x12.png\" class=\"attachment-medium size-medium wp-image-75\" alt=\"\" \/>\t\t\t\t\t\t\t\t\t\t\t\t\t\t\t<\/div>\n\t\t\t\t<\/div>\n\t\t\t\t<div class=\"elementor-element elementor-element-5660354 elementor-widget elementor-widget-text-editor\" data-id=\"5660354\" data-element_type=\"widget\" data-widget_type=\"text-editor.default\">\n\t\t\t\t<div class=\"elementor-widget-container\">\n\t\t\t\t\t\t\t\t\t<ul>\n<li>Exakte Wiederholbarkeit der Bearbeitungsvorg\u00e4nge.<\/li>\n<li>Kostenreduzierung.<\/li>\n<li>Ausf\u00fchrung komplexer Bearbeitungen auch bei kleinen Chargen<\/li>\n<li>Lieferoptimierung und personalisierte Verpackung.<\/li>\n<li>Reduzierung des Lagerbestands<\/li>\n<\/ul>\n\t\t\t\t\t\t\t\t<\/div>\n\t\t\t\t<\/div>\n\t\t\t\t\t<\/div>\n\t\t<\/div>\n\t\t\t\t\t<\/div>\n\t\t<\/section>\n\t\t\t\t<\/div>\n\t\t","protected":false},"excerpt":{"rendered":"<p>BEARBEITUNG STRANGGEPRESSTER METALLE Aluminiumprofile: die Arbeitsweise von CM Plast CM Plast m\u00f6chte maximale Vielseitigkeit und Bereitschaft f\u00fcr Ihre Bed\u00fcrfnisse garantieren: wir f\u00fchren jede Art von mechanischer Bearbeitung an den Profilen durch, wie z.B.: Schneiden, Bohren, Fr\u00e4sen einiger Teile des Profils, die Ausf\u00fchrung von Taschen und Endenzuschnitt. Alle Arbeiten werden mit numerisch gesteuerten Maschinen ausgef\u00fchrt, die [&hellip;]<\/p>\n","protected":false},"author":1,"featured_media":0,"parent":1038,"menu_order":0,"comment_status":"closed","ping_status":"closed","template":"elementor_header_footer","meta":{"ocean_post_layout":"","ocean_both_sidebars_style":"","ocean_both_sidebars_content_width":0,"ocean_both_sidebars_sidebars_width":0,"ocean_sidebar":"0","ocean_second_sidebar":"0","ocean_disable_margins":"enable","ocean_add_body_class":"","ocean_shortcode_before_top_bar":"","ocean_shortcode_after_top_bar":"","ocean_shortcode_before_header":"","ocean_shortcode_after_header":"","ocean_has_shortcode":"","ocean_shortcode_after_title":"","ocean_shortcode_before_footer_widgets":"","ocean_shortcode_after_footer_widgets":"","ocean_shortcode_before_footer_bottom":"","ocean_shortcode_after_footer_bottom":"","ocean_display_top_bar":"default","ocean_display_header":"default","ocean_header_style":"","ocean_center_header_left_menu":"0","ocean_custom_header_template":"0","ocean_custom_logo":0,"ocean_custom_retina_logo":0,"ocean_custom_logo_max_width":0,"ocean_custom_logo_tablet_max_width":0,"ocean_custom_logo_mobile_max_width":0,"ocean_custom_logo_max_height":0,"ocean_custom_logo_tablet_max_height":0,"ocean_custom_logo_mobile_max_height":0,"ocean_header_custom_menu":"0","ocean_menu_typo_font_family":"0","ocean_menu_typo_font_subset":"","ocean_menu_typo_font_size":0,"ocean_menu_typo_font_size_tablet":0,"ocean_menu_typo_font_size_mobile":0,"ocean_menu_typo_font_size_unit":"px","ocean_menu_typo_font_weight":"","ocean_menu_typo_font_weight_tablet":"","ocean_menu_typo_font_weight_mobile":"","ocean_menu_typo_transform":"","ocean_menu_typo_transform_tablet":"","ocean_menu_typo_transform_mobile":"","ocean_menu_typo_line_height":0,"ocean_menu_typo_line_height_tablet":0,"ocean_menu_typo_line_height_mobile":0,"ocean_menu_typo_line_height_unit":"","ocean_menu_typo_spacing":0,"ocean_menu_typo_spacing_tablet":0,"ocean_menu_typo_spacing_mobile":0,"ocean_menu_typo_spacing_unit":"","ocean_menu_link_color":"","ocean_menu_link_color_hover":"","ocean_menu_link_color_active":"","ocean_menu_link_background":"","ocean_menu_link_hover_background":"","ocean_menu_link_active_background":"","ocean_menu_social_links_bg":"","ocean_menu_social_hover_links_bg":"","ocean_menu_social_links_color":"","ocean_menu_social_hover_links_color":"","ocean_disable_title":"on","ocean_disable_heading":"default","ocean_post_title":"","ocean_post_subheading":"","ocean_post_title_style":"","ocean_post_title_background_color":"","ocean_post_title_background":0,"ocean_post_title_bg_image_position":"","ocean_post_title_bg_image_attachment":"","ocean_post_title_bg_image_repeat":"","ocean_post_title_bg_image_size":"","ocean_post_title_height":0,"ocean_post_title_bg_overlay":0.5,"ocean_post_title_bg_overlay_color":"","ocean_disable_breadcrumbs":"default","ocean_breadcrumbs_color":"","ocean_breadcrumbs_separator_color":"","ocean_breadcrumbs_links_color":"","ocean_breadcrumbs_links_hover_color":"","ocean_display_footer_widgets":"default","ocean_display_footer_bottom":"default","ocean_custom_footer_template":"0","footnotes":""},"class_list":["post-1010","page","type-page","status-publish","hentry","entry"],"yoast_head":"<!-- This site is optimized with the Yoast SEO plugin v24.7 - https:\/\/yoast.com\/wordpress\/plugins\/seo\/ -->\n<title>Aluminiumprofile Versand nach Deutschland - CM Plast<\/title>\n<meta name=\"description\" content=\"Aluminiumprofilunternehmen mit Lieferungen nach Deutschland: CM Plast produziert jede Art von Aluminiumprofil. Kontaktieren Sie uns f\u00fcr Angebote\" \/>\n<meta name=\"robots\" content=\"index, follow, max-snippet:-1, max-image-preview:large, max-video-preview:-1\" \/>\n<link rel=\"canonical\" href=\"https:\/\/cmplast.it\/de\/unsere-taetigkeit\/bearbeitung-stranggepresster-metalle\/\" \/>\n<meta property=\"og:locale\" content=\"de_DE\" \/>\n<meta property=\"og:type\" content=\"article\" \/>\n<meta property=\"og:title\" content=\"Aluminiumprofile Versand nach Deutschland - CM Plast\" \/>\n<meta property=\"og:description\" content=\"Aluminiumprofilunternehmen mit Lieferungen nach Deutschland: CM Plast produziert jede Art von Aluminiumprofil. Kontaktieren Sie uns f\u00fcr Angebote\" \/>\n<meta property=\"og:url\" content=\"https:\/\/cmplast.it\/de\/unsere-taetigkeit\/bearbeitung-stranggepresster-metalle\/\" \/>\n<meta property=\"og:site_name\" content=\"CMplast\" \/>\n<meta property=\"article:modified_time\" content=\"2021-08-27T08:09:17+00:00\" \/>\n<meta property=\"og:image\" content=\"https:\/\/cmplast.it\/wp-content\/uploads\/sottoiltitolo-300x12.png\" \/>\n<meta name=\"twitter:card\" content=\"summary_large_image\" \/>\n<meta name=\"twitter:label1\" content=\"Gesch\u00e4tzte Lesezeit\" \/>\n\t<meta name=\"twitter:data1\" content=\"1\u00a0Minute\" \/>\n<script type=\"application\/ld+json\" class=\"yoast-schema-graph\">{\"@context\":\"https:\/\/schema.org\",\"@graph\":[{\"@type\":\"WebPage\",\"@id\":\"https:\/\/cmplast.it\/de\/unsere-taetigkeit\/bearbeitung-stranggepresster-metalle\/\",\"url\":\"https:\/\/cmplast.it\/de\/unsere-taetigkeit\/bearbeitung-stranggepresster-metalle\/\",\"name\":\"Aluminiumprofile Versand nach Deutschland - CM Plast\",\"isPartOf\":{\"@id\":\"https:\/\/cmplast.it\/#website\"},\"primaryImageOfPage\":{\"@id\":\"https:\/\/cmplast.it\/de\/unsere-taetigkeit\/bearbeitung-stranggepresster-metalle\/#primaryimage\"},\"image\":{\"@id\":\"https:\/\/cmplast.it\/de\/unsere-taetigkeit\/bearbeitung-stranggepresster-metalle\/#primaryimage\"},\"thumbnailUrl\":\"https:\/\/cmplast.it\/wp-content\/uploads\/sottoiltitolo-300x12.png\",\"datePublished\":\"2021-07-21T15:53:00+00:00\",\"dateModified\":\"2021-08-27T08:09:17+00:00\",\"description\":\"Aluminiumprofilunternehmen mit Lieferungen nach Deutschland: CM Plast produziert jede Art von Aluminiumprofil. Kontaktieren Sie uns f\u00fcr Angebote\",\"breadcrumb\":{\"@id\":\"https:\/\/cmplast.it\/de\/unsere-taetigkeit\/bearbeitung-stranggepresster-metalle\/#breadcrumb\"},\"inLanguage\":\"de\",\"potentialAction\":[{\"@type\":\"ReadAction\",\"target\":[\"https:\/\/cmplast.it\/de\/unsere-taetigkeit\/bearbeitung-stranggepresster-metalle\/\"]}]},{\"@type\":\"ImageObject\",\"inLanguage\":\"de\",\"@id\":\"https:\/\/cmplast.it\/de\/unsere-taetigkeit\/bearbeitung-stranggepresster-metalle\/#primaryimage\",\"url\":\"https:\/\/cmplast.it\/wp-content\/uploads\/sottoiltitolo-300x12.png\",\"contentUrl\":\"https:\/\/cmplast.it\/wp-content\/uploads\/sottoiltitolo-300x12.png\"},{\"@type\":\"BreadcrumbList\",\"@id\":\"https:\/\/cmplast.it\/de\/unsere-taetigkeit\/bearbeitung-stranggepresster-metalle\/#breadcrumb\",\"itemListElement\":[{\"@type\":\"ListItem\",\"position\":1,\"name\":\"Home\",\"item\":\"https:\/\/cmplast.it\/de\/\"},{\"@type\":\"ListItem\",\"position\":2,\"name\":\"Unsere Taetigkeit\",\"item\":\"https:\/\/cmplast.it\/de\/unsere-taetigkeit\/\"},{\"@type\":\"ListItem\",\"position\":3,\"name\":\"Bearbeitung stranggepresster metalle\"}]},{\"@type\":\"WebSite\",\"@id\":\"https:\/\/cmplast.it\/#website\",\"url\":\"https:\/\/cmplast.it\/\",\"name\":\"CMplast\",\"description\":\"\",\"publisher\":{\"@id\":\"https:\/\/cmplast.it\/#organization\"},\"potentialAction\":[{\"@type\":\"SearchAction\",\"target\":{\"@type\":\"EntryPoint\",\"urlTemplate\":\"https:\/\/cmplast.it\/?s={search_term_string}\"},\"query-input\":{\"@type\":\"PropertyValueSpecification\",\"valueRequired\":true,\"valueName\":\"search_term_string\"}}],\"inLanguage\":\"de\"},{\"@type\":\"Organization\",\"@id\":\"https:\/\/cmplast.it\/#organization\",\"name\":\"CMplast\",\"url\":\"https:\/\/cmplast.it\/\",\"logo\":{\"@type\":\"ImageObject\",\"inLanguage\":\"de\",\"@id\":\"https:\/\/cmplast.it\/#\/schema\/logo\/image\/\",\"url\":\"https:\/\/cmplast.it\/wp-content\/uploads\/cropped-CMPLAST_LOGO_OR_POSITIVO.png\",\"contentUrl\":\"https:\/\/cmplast.it\/wp-content\/uploads\/cropped-CMPLAST_LOGO_OR_POSITIVO.png\",\"width\":500,\"height\":176,\"caption\":\"CMplast\"},\"image\":{\"@id\":\"https:\/\/cmplast.it\/#\/schema\/logo\/image\/\"}}]}<\/script>\n<!-- \/ Yoast SEO plugin. -->","yoast_head_json":{"title":"Aluminiumprofile Versand nach Deutschland - CM Plast","description":"Aluminiumprofilunternehmen mit Lieferungen nach Deutschland: CM Plast produziert jede Art von Aluminiumprofil. Kontaktieren Sie uns f\u00fcr Angebote","robots":{"index":"index","follow":"follow","max-snippet":"max-snippet:-1","max-image-preview":"max-image-preview:large","max-video-preview":"max-video-preview:-1"},"canonical":"https:\/\/cmplast.it\/de\/unsere-taetigkeit\/bearbeitung-stranggepresster-metalle\/","og_locale":"de_DE","og_type":"article","og_title":"Aluminiumprofile Versand nach Deutschland - CM Plast","og_description":"Aluminiumprofilunternehmen mit Lieferungen nach Deutschland: CM Plast produziert jede Art von Aluminiumprofil. Kontaktieren Sie uns f\u00fcr Angebote","og_url":"https:\/\/cmplast.it\/de\/unsere-taetigkeit\/bearbeitung-stranggepresster-metalle\/","og_site_name":"CMplast","article_modified_time":"2021-08-27T08:09:17+00:00","og_image":[{"url":"https:\/\/cmplast.it\/wp-content\/uploads\/sottoiltitolo-300x12.png","type":"","width":"","height":""}],"twitter_card":"summary_large_image","twitter_misc":{"Gesch\u00e4tzte Lesezeit":"1\u00a0Minute"},"schema":{"@context":"https:\/\/schema.org","@graph":[{"@type":"WebPage","@id":"https:\/\/cmplast.it\/de\/unsere-taetigkeit\/bearbeitung-stranggepresster-metalle\/","url":"https:\/\/cmplast.it\/de\/unsere-taetigkeit\/bearbeitung-stranggepresster-metalle\/","name":"Aluminiumprofile Versand nach Deutschland - CM Plast","isPartOf":{"@id":"https:\/\/cmplast.it\/#website"},"primaryImageOfPage":{"@id":"https:\/\/cmplast.it\/de\/unsere-taetigkeit\/bearbeitung-stranggepresster-metalle\/#primaryimage"},"image":{"@id":"https:\/\/cmplast.it\/de\/unsere-taetigkeit\/bearbeitung-stranggepresster-metalle\/#primaryimage"},"thumbnailUrl":"https:\/\/cmplast.it\/wp-content\/uploads\/sottoiltitolo-300x12.png","datePublished":"2021-07-21T15:53:00+00:00","dateModified":"2021-08-27T08:09:17+00:00","description":"Aluminiumprofilunternehmen mit Lieferungen nach Deutschland: CM Plast produziert jede Art von Aluminiumprofil. Kontaktieren Sie uns f\u00fcr Angebote","breadcrumb":{"@id":"https:\/\/cmplast.it\/de\/unsere-taetigkeit\/bearbeitung-stranggepresster-metalle\/#breadcrumb"},"inLanguage":"de","potentialAction":[{"@type":"ReadAction","target":["https:\/\/cmplast.it\/de\/unsere-taetigkeit\/bearbeitung-stranggepresster-metalle\/"]}]},{"@type":"ImageObject","inLanguage":"de","@id":"https:\/\/cmplast.it\/de\/unsere-taetigkeit\/bearbeitung-stranggepresster-metalle\/#primaryimage","url":"https:\/\/cmplast.it\/wp-content\/uploads\/sottoiltitolo-300x12.png","contentUrl":"https:\/\/cmplast.it\/wp-content\/uploads\/sottoiltitolo-300x12.png"},{"@type":"BreadcrumbList","@id":"https:\/\/cmplast.it\/de\/unsere-taetigkeit\/bearbeitung-stranggepresster-metalle\/#breadcrumb","itemListElement":[{"@type":"ListItem","position":1,"name":"Home","item":"https:\/\/cmplast.it\/de\/"},{"@type":"ListItem","position":2,"name":"Unsere Taetigkeit","item":"https:\/\/cmplast.it\/de\/unsere-taetigkeit\/"},{"@type":"ListItem","position":3,"name":"Bearbeitung stranggepresster metalle"}]},{"@type":"WebSite","@id":"https:\/\/cmplast.it\/#website","url":"https:\/\/cmplast.it\/","name":"CMplast","description":"","publisher":{"@id":"https:\/\/cmplast.it\/#organization"},"potentialAction":[{"@type":"SearchAction","target":{"@type":"EntryPoint","urlTemplate":"https:\/\/cmplast.it\/?s={search_term_string}"},"query-input":{"@type":"PropertyValueSpecification","valueRequired":true,"valueName":"search_term_string"}}],"inLanguage":"de"},{"@type":"Organization","@id":"https:\/\/cmplast.it\/#organization","name":"CMplast","url":"https:\/\/cmplast.it\/","logo":{"@type":"ImageObject","inLanguage":"de","@id":"https:\/\/cmplast.it\/#\/schema\/logo\/image\/","url":"https:\/\/cmplast.it\/wp-content\/uploads\/cropped-CMPLAST_LOGO_OR_POSITIVO.png","contentUrl":"https:\/\/cmplast.it\/wp-content\/uploads\/cropped-CMPLAST_LOGO_OR_POSITIVO.png","width":500,"height":176,"caption":"CMplast"},"image":{"@id":"https:\/\/cmplast.it\/#\/schema\/logo\/image\/"}}]}},"_links":{"self":[{"href":"https:\/\/cmplast.it\/de\/wp-json\/wp\/v2\/pages\/1010","targetHints":{"allow":["GET"]}}],"collection":[{"href":"https:\/\/cmplast.it\/de\/wp-json\/wp\/v2\/pages"}],"about":[{"href":"https:\/\/cmplast.it\/de\/wp-json\/wp\/v2\/types\/page"}],"author":[{"embeddable":true,"href":"https:\/\/cmplast.it\/de\/wp-json\/wp\/v2\/users\/1"}],"replies":[{"embeddable":true,"href":"https:\/\/cmplast.it\/de\/wp-json\/wp\/v2\/comments?post=1010"}],"version-history":[{"count":3,"href":"https:\/\/cmplast.it\/de\/wp-json\/wp\/v2\/pages\/1010\/revisions"}],"predecessor-version":[{"id":1191,"href":"https:\/\/cmplast.it\/de\/wp-json\/wp\/v2\/pages\/1010\/revisions\/1191"}],"up":[{"embeddable":true,"href":"https:\/\/cmplast.it\/de\/wp-json\/wp\/v2\/pages\/1038"}],"wp:attachment":[{"href":"https:\/\/cmplast.it\/de\/wp-json\/wp\/v2\/media?parent=1010"}],"curies":[{"name":"wp","href":"https:\/\/api.w.org\/{rel}","templated":true}]}}