{"id":1020,"date":"2021-07-23T12:33:08","date_gmt":"2021-07-23T10:33:08","guid":{"rendered":"https:\/\/cmplast.it\/einrichtungen-fuer-supermaerkte-und-einzelhandel\/"},"modified":"2021-08-27T10:03:02","modified_gmt":"2021-08-27T08:03:02","slug":"einrichtungen-fuer-supermaerkte-und-einzelhandel","status":"publish","type":"page","link":"https:\/\/cmplast.it\/de\/branchenbereiche\/einrichtungen-fuer-supermaerkte-und-einzelhandel\/","title":{"rendered":"Einrichtungen f\u00fcr superm\u00e4rkte und einzelhandel"},"content":{"rendered":"\t\t<div data-elementor-type=\"wp-post\" data-elementor-id=\"1020\" class=\"elementor elementor-1020 elementor-469\" data-elementor-post-type=\"page\">\n\t\t\t\t\t\t<section class=\"elementor-section elementor-top-section elementor-element elementor-element-15337bd elementor-section-boxed elementor-section-height-default elementor-section-height-default\" data-id=\"15337bd\" data-element_type=\"section\" data-settings=\"{&quot;background_background&quot;:&quot;classic&quot;}\">\n\t\t\t\t\t\t\t<div class=\"elementor-background-overlay\"><\/div>\n\t\t\t\t\t\t\t<div class=\"elementor-container elementor-column-gap-default\">\n\t\t\t\t\t<div class=\"elementor-column elementor-col-100 elementor-top-column elementor-element elementor-element-3b6d5e7\" data-id=\"3b6d5e7\" data-element_type=\"column\">\n\t\t\t<div class=\"elementor-widget-wrap elementor-element-populated\">\n\t\t\t\t\t\t<div class=\"elementor-element elementor-element-e690058 elementor-widget elementor-widget-heading\" data-id=\"e690058\" data-element_type=\"widget\" data-widget_type=\"heading.default\">\n\t\t\t\t<div class=\"elementor-widget-container\">\n\t\t\t\t\t<h2 class=\"elementor-heading-title elementor-size-default\">Einrichtungen f\u00fcr Superm\u00e4rkte und Einzelhandel  <\/h2>\t\t\t\t<\/div>\n\t\t\t\t<\/div>\n\t\t\t\t<div class=\"elementor-element elementor-element-bfaf7e2 elementor-widget elementor-widget-image\" data-id=\"bfaf7e2\" data-element_type=\"widget\" data-widget_type=\"image.default\">\n\t\t\t\t<div class=\"elementor-widget-container\">\n\t\t\t\t\t\t\t\t\t\t\t\t\t\t\t<img decoding=\"async\" width=\"300\" height=\"12\" src=\"https:\/\/cmplast.it\/wp-content\/uploads\/sottoiltitolo-300x12.png\" class=\"attachment-medium size-medium wp-image-75\" alt=\"\" \/>\t\t\t\t\t\t\t\t\t\t\t\t\t\t\t<\/div>\n\t\t\t\t<\/div>\n\t\t\t\t\t<\/div>\n\t\t<\/div>\n\t\t\t\t\t<\/div>\n\t\t<\/section>\n\t\t\t\t<section class=\"elementor-section elementor-top-section elementor-element elementor-element-140f29b elementor-section-boxed elementor-section-height-default elementor-section-height-default\" data-id=\"140f29b\" data-element_type=\"section\" data-settings=\"{&quot;background_background&quot;:&quot;classic&quot;}\">\n\t\t\t\t\t\t<div class=\"elementor-container elementor-column-gap-default\">\n\t\t\t\t\t<div class=\"elementor-column elementor-col-100 elementor-top-column elementor-element elementor-element-9f08e99\" data-id=\"9f08e99\" data-element_type=\"column\">\n\t\t\t<div class=\"elementor-widget-wrap elementor-element-populated\">\n\t\t\t\t\t\t<div class=\"elementor-element elementor-element-ae5adc2 elementor-widget elementor-widget-heading\" data-id=\"ae5adc2\" data-element_type=\"widget\" data-widget_type=\"heading.default\">\n\t\t\t\t<div class=\"elementor-widget-container\">\n\t\t\t\t\t<h1 class=\"elementor-heading-title elementor-size-default\">Einrichtungen f\u00fcr Superm\u00e4rkte und Einzelhandel  <\/h1>\t\t\t\t<\/div>\n\t\t\t\t<\/div>\n\t\t\t\t<div class=\"elementor-element elementor-element-4ff541d elementor-widget elementor-widget-image\" data-id=\"4ff541d\" data-element_type=\"widget\" data-widget_type=\"image.default\">\n\t\t\t\t<div class=\"elementor-widget-container\">\n\t\t\t\t\t\t\t\t\t\t\t\t\t\t\t<img decoding=\"async\" width=\"300\" height=\"12\" src=\"https:\/\/cmplast.it\/wp-content\/uploads\/sottoiltitolo-300x12.png\" class=\"attachment-medium size-medium wp-image-75\" alt=\"\" \/>\t\t\t\t\t\t\t\t\t\t\t\t\t\t\t<\/div>\n\t\t\t\t<\/div>\n\t\t\t\t<div class=\"elementor-element elementor-element-db54e66 elementor-widget elementor-widget-text-editor\" data-id=\"db54e66\" data-element_type=\"widget\" data-widget_type=\"text-editor.default\">\n\t\t\t\t<div class=\"elementor-widget-container\">\n\t\t\t\t\t\t\t\t\t<p>CM Plast besch\u00e4ftigt sich mit dem Entwerfen und der Extrusion von thermoplastischen Profilen auch f\u00fcr Superm\u00e4rkte und Einzelhandel.<\/p>\n\t\t\t\t\t\t\t\t<\/div>\n\t\t\t\t<\/div>\n\t\t\t\t\t<\/div>\n\t\t<\/div>\n\t\t\t\t\t<\/div>\n\t\t<\/section>\n\t\t\t\t<section class=\"elementor-section elementor-top-section elementor-element elementor-element-deafe29 elementor-section-boxed elementor-section-height-default elementor-section-height-default\" data-id=\"deafe29\" data-element_type=\"section\" data-settings=\"{&quot;background_background&quot;:&quot;classic&quot;}\">\n\t\t\t\t\t\t<div class=\"elementor-container elementor-column-gap-default\">\n\t\t\t\t\t<div class=\"elementor-column elementor-col-100 elementor-top-column elementor-element elementor-element-c826415\" data-id=\"c826415\" data-element_type=\"column\">\n\t\t\t<div class=\"elementor-widget-wrap elementor-element-populated\">\n\t\t\t\t\t\t<div class=\"elementor-element elementor-element-a769263 elementor-widget elementor-widget-heading\" data-id=\"a769263\" data-element_type=\"widget\" data-widget_type=\"heading.default\">\n\t\t\t\t<div class=\"elementor-widget-container\">\n\t\t\t\t\t<h2 class=\"elementor-heading-title elementor-size-default\">Spezialisiert auf die Herstellung von Preishalter-Profilen<\/h2>\t\t\t\t<\/div>\n\t\t\t\t<\/div>\n\t\t\t\t<div class=\"elementor-element elementor-element-b4bcd71 elementor-widget elementor-widget-image\" data-id=\"b4bcd71\" data-element_type=\"widget\" data-widget_type=\"image.default\">\n\t\t\t\t<div class=\"elementor-widget-container\">\n\t\t\t\t\t\t\t\t\t\t\t\t\t\t\t<img decoding=\"async\" width=\"300\" height=\"12\" src=\"https:\/\/cmplast.it\/wp-content\/uploads\/sottoiltitolo-300x12.png\" class=\"attachment-medium size-medium wp-image-75\" alt=\"\" \/>\t\t\t\t\t\t\t\t\t\t\t\t\t\t\t<\/div>\n\t\t\t\t<\/div>\n\t\t\t\t<div class=\"elementor-element elementor-element-de056d2 elementor-widget elementor-widget-text-editor\" data-id=\"de056d2\" data-element_type=\"widget\" data-widget_type=\"text-editor.default\">\n\t\t\t\t<div class=\"elementor-widget-container\">\n\t\t\t\t\t\t\t\t\t<p>Wir arbeiten mit f\u00fchrenden, sowohl italienischen als auch ausl\u00e4ndischen Unternehmen zusammen, die Einrichtungen f\u00fcr Superm\u00e4rkte und s\u00e4mtliche Retail-Sektoren, einschlie\u00dflich Food &amp; Beverage herstellen. Wir sind spezialisiert auf die Produktion von Preishalter-Profilen und vertreiben Profile f\u00fcr verschiedene Regaltypen. Wir produzieren au\u00dferdem Zubeh\u00f6rteile f\u00fcr viele Arten von K\u00fchl- und sonstigen Ger\u00e4ten, sowohl mit Temperaturen \u00fcber, als auch unter null, wie R\u00e4ume, Kisten, Theken, Vitrinen.<\/p>\n\t\t\t\t\t\t\t\t<\/div>\n\t\t\t\t<\/div>\n\t\t\t\t\t<\/div>\n\t\t<\/div>\n\t\t\t\t\t<\/div>\n\t\t<\/section>\n\t\t\t\t<section class=\"elementor-section elementor-top-section elementor-element elementor-element-99ba1dd elementor-section-stretched elementor-section-full_width elementor-section-height-default elementor-section-height-default\" data-id=\"99ba1dd\" data-element_type=\"section\" data-settings=\"{&quot;stretch_section&quot;:&quot;section-stretched&quot;,&quot;background_background&quot;:&quot;classic&quot;}\">\n\t\t\t\t\t\t<div class=\"elementor-container elementor-column-gap-default\">\n\t\t\t\t\t<div class=\"elementor-column elementor-col-50 elementor-top-column elementor-element elementor-element-16baad3\" data-id=\"16baad3\" data-element_type=\"column\" data-settings=\"{&quot;background_background&quot;:&quot;classic&quot;}\">\n\t\t\t<div class=\"elementor-widget-wrap elementor-element-populated\">\n\t\t\t\t\t\t<div class=\"elementor-element elementor-element-5eb634b elementor-widget elementor-widget-spacer\" data-id=\"5eb634b\" data-element_type=\"widget\" data-widget_type=\"spacer.default\">\n\t\t\t\t<div class=\"elementor-widget-container\">\n\t\t\t\t\t\t\t<div class=\"elementor-spacer\">\n\t\t\t<div class=\"elementor-spacer-inner\"><\/div>\n\t\t<\/div>\n\t\t\t\t\t\t<\/div>\n\t\t\t\t<\/div>\n\t\t\t\t\t<\/div>\n\t\t<\/div>\n\t\t\t\t<div class=\"elementor-column elementor-col-50 elementor-top-column elementor-element elementor-element-abd8063\" data-id=\"abd8063\" data-element_type=\"column\" data-settings=\"{&quot;background_background&quot;:&quot;classic&quot;}\">\n\t\t\t<div class=\"elementor-widget-wrap elementor-element-populated\">\n\t\t\t\t\t\t<div class=\"elementor-element elementor-element-fa28ce4 elementor-widget elementor-widget-spacer\" data-id=\"fa28ce4\" data-element_type=\"widget\" data-widget_type=\"spacer.default\">\n\t\t\t\t<div class=\"elementor-widget-container\">\n\t\t\t\t\t\t\t<div class=\"elementor-spacer\">\n\t\t\t<div class=\"elementor-spacer-inner\"><\/div>\n\t\t<\/div>\n\t\t\t\t\t\t<\/div>\n\t\t\t\t<\/div>\n\t\t\t\t\t<\/div>\n\t\t<\/div>\n\t\t\t\t\t<\/div>\n\t\t<\/section>\n\t\t\t\t<\/div>\n\t\t","protected":false},"excerpt":{"rendered":"<p>Einrichtungen f\u00fcr Superm\u00e4rkte und Einzelhandel Einrichtungen f\u00fcr Superm\u00e4rkte und Einzelhandel CM Plast besch\u00e4ftigt sich mit dem Entwerfen und der Extrusion von thermoplastischen Profilen auch f\u00fcr Superm\u00e4rkte und Einzelhandel. Spezialisiert auf die Herstellung von Preishalter-Profilen Wir arbeiten mit f\u00fchrenden, sowohl italienischen als auch ausl\u00e4ndischen Unternehmen zusammen, die Einrichtungen f\u00fcr Superm\u00e4rkte und s\u00e4mtliche Retail-Sektoren, einschlie\u00dflich Food &amp; [&hellip;]<\/p>\n","protected":false},"author":1,"featured_media":0,"parent":1042,"menu_order":0,"comment_status":"closed","ping_status":"closed","template":"elementor_header_footer","meta":{"ocean_post_layout":"","ocean_both_sidebars_style":"","ocean_both_sidebars_content_width":0,"ocean_both_sidebars_sidebars_width":0,"ocean_sidebar":"0","ocean_second_sidebar":"0","ocean_disable_margins":"enable","ocean_add_body_class":"","ocean_shortcode_before_top_bar":"","ocean_shortcode_after_top_bar":"","ocean_shortcode_before_header":"","ocean_shortcode_after_header":"","ocean_has_shortcode":"","ocean_shortcode_after_title":"","ocean_shortcode_before_footer_widgets":"","ocean_shortcode_after_footer_widgets":"","ocean_shortcode_before_footer_bottom":"","ocean_shortcode_after_footer_bottom":"","ocean_display_top_bar":"default","ocean_display_header":"default","ocean_header_style":"","ocean_center_header_left_menu":"0","ocean_custom_header_template":"0","ocean_custom_logo":0,"ocean_custom_retina_logo":0,"ocean_custom_logo_max_width":0,"ocean_custom_logo_tablet_max_width":0,"ocean_custom_logo_mobile_max_width":0,"ocean_custom_logo_max_height":0,"ocean_custom_logo_tablet_max_height":0,"ocean_custom_logo_mobile_max_height":0,"ocean_header_custom_menu":"0","ocean_menu_typo_font_family":"0","ocean_menu_typo_font_subset":"","ocean_menu_typo_font_size":0,"ocean_menu_typo_font_size_tablet":0,"ocean_menu_typo_font_size_mobile":0,"ocean_menu_typo_font_size_unit":"px","ocean_menu_typo_font_weight":"","ocean_menu_typo_font_weight_tablet":"","ocean_menu_typo_font_weight_mobile":"","ocean_menu_typo_transform":"","ocean_menu_typo_transform_tablet":"","ocean_menu_typo_transform_mobile":"","ocean_menu_typo_line_height":0,"ocean_menu_typo_line_height_tablet":0,"ocean_menu_typo_line_height_mobile":0,"ocean_menu_typo_line_height_unit":"","ocean_menu_typo_spacing":0,"ocean_menu_typo_spacing_tablet":0,"ocean_menu_typo_spacing_mobile":0,"ocean_menu_typo_spacing_unit":"","ocean_menu_link_color":"","ocean_menu_link_color_hover":"","ocean_menu_link_color_active":"","ocean_menu_link_background":"","ocean_menu_link_hover_background":"","ocean_menu_link_active_background":"","ocean_menu_social_links_bg":"","ocean_menu_social_hover_links_bg":"","ocean_menu_social_links_color":"","ocean_menu_social_hover_links_color":"","ocean_disable_title":"on","ocean_disable_heading":"default","ocean_post_title":"","ocean_post_subheading":"","ocean_post_title_style":"","ocean_post_title_background_color":"","ocean_post_title_background":0,"ocean_post_title_bg_image_position":"","ocean_post_title_bg_image_attachment":"","ocean_post_title_bg_image_repeat":"","ocean_post_title_bg_image_size":"","ocean_post_title_height":0,"ocean_post_title_bg_overlay":0.5,"ocean_post_title_bg_overlay_color":"","ocean_disable_breadcrumbs":"default","ocean_breadcrumbs_color":"","ocean_breadcrumbs_separator_color":"","ocean_breadcrumbs_links_color":"","ocean_breadcrumbs_links_hover_color":"","ocean_display_footer_widgets":"default","ocean_display_footer_bottom":"default","ocean_custom_footer_template":"0","footnotes":""},"class_list":["post-1020","page","type-page","status-publish","hentry","entry"],"yoast_head":"<!-- This site is optimized with the Yoast SEO plugin v24.7 - https:\/\/yoast.com\/wordpress\/plugins\/seo\/ -->\n<title>Extrudierte Profile f\u00fcr Superm\u00e4rkte und Einzelhandelsbauten<\/title>\n<meta name=\"description\" content=\"Wir produzieren Strangpressprofile f\u00fcr den gro\u00dffl\u00e4chigen Vertrieb und f\u00fcr jeden Einzelhandelssektor, wie Preistr\u00e4ger und Regalprofile\" \/>\n<meta name=\"robots\" content=\"index, follow, max-snippet:-1, max-image-preview:large, max-video-preview:-1\" \/>\n<link rel=\"canonical\" href=\"https:\/\/cmplast.it\/profili-in-plastica\/arredamento-gdo-e-commerciale\/\" \/>\n<meta property=\"og:locale\" content=\"de_DE\" \/>\n<meta property=\"og:type\" content=\"article\" \/>\n<meta property=\"og:title\" content=\"Extrudierte Profile f\u00fcr Superm\u00e4rkte und Einzelhandelsbauten\" \/>\n<meta property=\"og:description\" content=\"Wir produzieren Strangpressprofile f\u00fcr den gro\u00dffl\u00e4chigen Vertrieb und f\u00fcr jeden Einzelhandelssektor, wie Preistr\u00e4ger und Regalprofile\" \/>\n<meta property=\"og:url\" content=\"https:\/\/cmplast.it\/profili-in-plastica\/arredamento-gdo-e-commerciale\/\" \/>\n<meta property=\"og:site_name\" content=\"CMplast\" \/>\n<meta property=\"article:modified_time\" content=\"2021-08-27T08:03:02+00:00\" \/>\n<meta property=\"og:image\" content=\"https:\/\/cmplast.it\/wp-content\/uploads\/sottoiltitolo-300x12.png\" \/>\n<meta name=\"twitter:card\" content=\"summary_large_image\" \/>\n<meta name=\"twitter:label1\" content=\"Gesch\u00e4tzte Lesezeit\" \/>\n\t<meta name=\"twitter:data1\" content=\"1\u00a0Minute\" \/>\n<script type=\"application\/ld+json\" class=\"yoast-schema-graph\">{\"@context\":\"https:\/\/schema.org\",\"@graph\":[{\"@type\":\"WebPage\",\"@id\":\"https:\/\/cmplast.it\/profili-in-plastica\/arredamento-gdo-e-commerciale\/\",\"url\":\"https:\/\/cmplast.it\/profili-in-plastica\/arredamento-gdo-e-commerciale\/\",\"name\":\"Extrudierte Profile f\u00fcr Superm\u00e4rkte und Einzelhandelsbauten\",\"isPartOf\":{\"@id\":\"https:\/\/cmplast.it\/#website\"},\"primaryImageOfPage\":{\"@id\":\"https:\/\/cmplast.it\/profili-in-plastica\/arredamento-gdo-e-commerciale\/#primaryimage\"},\"image\":{\"@id\":\"https:\/\/cmplast.it\/profili-in-plastica\/arredamento-gdo-e-commerciale\/#primaryimage\"},\"thumbnailUrl\":\"https:\/\/cmplast.it\/wp-content\/uploads\/sottoiltitolo-300x12.png\",\"datePublished\":\"2021-07-23T10:33:08+00:00\",\"dateModified\":\"2021-08-27T08:03:02+00:00\",\"description\":\"Wir produzieren Strangpressprofile f\u00fcr den gro\u00dffl\u00e4chigen Vertrieb und f\u00fcr jeden Einzelhandelssektor, wie Preistr\u00e4ger und Regalprofile\",\"breadcrumb\":{\"@id\":\"https:\/\/cmplast.it\/profili-in-plastica\/arredamento-gdo-e-commerciale\/#breadcrumb\"},\"inLanguage\":\"de\",\"potentialAction\":[{\"@type\":\"ReadAction\",\"target\":[\"https:\/\/cmplast.it\/profili-in-plastica\/arredamento-gdo-e-commerciale\/\"]}]},{\"@type\":\"ImageObject\",\"inLanguage\":\"de\",\"@id\":\"https:\/\/cmplast.it\/profili-in-plastica\/arredamento-gdo-e-commerciale\/#primaryimage\",\"url\":\"https:\/\/cmplast.it\/wp-content\/uploads\/sottoiltitolo-300x12.png\",\"contentUrl\":\"https:\/\/cmplast.it\/wp-content\/uploads\/sottoiltitolo-300x12.png\"},{\"@type\":\"BreadcrumbList\",\"@id\":\"https:\/\/cmplast.it\/profili-in-plastica\/arredamento-gdo-e-commerciale\/#breadcrumb\",\"itemListElement\":[{\"@type\":\"ListItem\",\"position\":1,\"name\":\"Home\",\"item\":\"https:\/\/cmplast.it\/de\/\"},{\"@type\":\"ListItem\",\"position\":2,\"name\":\"Branchenbereiche\",\"item\":\"https:\/\/cmplast.it\/profili-in-plastica\/\"},{\"@type\":\"ListItem\",\"position\":3,\"name\":\"Einrichtungen f\u00fcr superm\u00e4rkte und einzelhandel\"}]},{\"@type\":\"WebSite\",\"@id\":\"https:\/\/cmplast.it\/#website\",\"url\":\"https:\/\/cmplast.it\/\",\"name\":\"CMplast\",\"description\":\"\",\"publisher\":{\"@id\":\"https:\/\/cmplast.it\/#organization\"},\"potentialAction\":[{\"@type\":\"SearchAction\",\"target\":{\"@type\":\"EntryPoint\",\"urlTemplate\":\"https:\/\/cmplast.it\/?s={search_term_string}\"},\"query-input\":{\"@type\":\"PropertyValueSpecification\",\"valueRequired\":true,\"valueName\":\"search_term_string\"}}],\"inLanguage\":\"de\"},{\"@type\":\"Organization\",\"@id\":\"https:\/\/cmplast.it\/#organization\",\"name\":\"CMplast\",\"url\":\"https:\/\/cmplast.it\/\",\"logo\":{\"@type\":\"ImageObject\",\"inLanguage\":\"de\",\"@id\":\"https:\/\/cmplast.it\/#\/schema\/logo\/image\/\",\"url\":\"https:\/\/cmplast.it\/wp-content\/uploads\/cropped-CMPLAST_LOGO_OR_POSITIVO.png\",\"contentUrl\":\"https:\/\/cmplast.it\/wp-content\/uploads\/cropped-CMPLAST_LOGO_OR_POSITIVO.png\",\"width\":500,\"height\":176,\"caption\":\"CMplast\"},\"image\":{\"@id\":\"https:\/\/cmplast.it\/#\/schema\/logo\/image\/\"}}]}<\/script>\n<!-- \/ Yoast SEO plugin. -->","yoast_head_json":{"title":"Extrudierte Profile f\u00fcr Superm\u00e4rkte und Einzelhandelsbauten","description":"Wir produzieren Strangpressprofile f\u00fcr den gro\u00dffl\u00e4chigen Vertrieb und f\u00fcr jeden Einzelhandelssektor, wie Preistr\u00e4ger und Regalprofile","robots":{"index":"index","follow":"follow","max-snippet":"max-snippet:-1","max-image-preview":"max-image-preview:large","max-video-preview":"max-video-preview:-1"},"canonical":"https:\/\/cmplast.it\/profili-in-plastica\/arredamento-gdo-e-commerciale\/","og_locale":"de_DE","og_type":"article","og_title":"Extrudierte Profile f\u00fcr Superm\u00e4rkte und Einzelhandelsbauten","og_description":"Wir produzieren Strangpressprofile f\u00fcr den gro\u00dffl\u00e4chigen Vertrieb und f\u00fcr jeden Einzelhandelssektor, wie Preistr\u00e4ger und Regalprofile","og_url":"https:\/\/cmplast.it\/profili-in-plastica\/arredamento-gdo-e-commerciale\/","og_site_name":"CMplast","article_modified_time":"2021-08-27T08:03:02+00:00","og_image":[{"url":"https:\/\/cmplast.it\/wp-content\/uploads\/sottoiltitolo-300x12.png","type":"","width":"","height":""}],"twitter_card":"summary_large_image","twitter_misc":{"Gesch\u00e4tzte Lesezeit":"1\u00a0Minute"},"schema":{"@context":"https:\/\/schema.org","@graph":[{"@type":"WebPage","@id":"https:\/\/cmplast.it\/profili-in-plastica\/arredamento-gdo-e-commerciale\/","url":"https:\/\/cmplast.it\/profili-in-plastica\/arredamento-gdo-e-commerciale\/","name":"Extrudierte Profile f\u00fcr Superm\u00e4rkte und Einzelhandelsbauten","isPartOf":{"@id":"https:\/\/cmplast.it\/#website"},"primaryImageOfPage":{"@id":"https:\/\/cmplast.it\/profili-in-plastica\/arredamento-gdo-e-commerciale\/#primaryimage"},"image":{"@id":"https:\/\/cmplast.it\/profili-in-plastica\/arredamento-gdo-e-commerciale\/#primaryimage"},"thumbnailUrl":"https:\/\/cmplast.it\/wp-content\/uploads\/sottoiltitolo-300x12.png","datePublished":"2021-07-23T10:33:08+00:00","dateModified":"2021-08-27T08:03:02+00:00","description":"Wir produzieren Strangpressprofile f\u00fcr den gro\u00dffl\u00e4chigen Vertrieb und f\u00fcr jeden Einzelhandelssektor, wie Preistr\u00e4ger und Regalprofile","breadcrumb":{"@id":"https:\/\/cmplast.it\/profili-in-plastica\/arredamento-gdo-e-commerciale\/#breadcrumb"},"inLanguage":"de","potentialAction":[{"@type":"ReadAction","target":["https:\/\/cmplast.it\/profili-in-plastica\/arredamento-gdo-e-commerciale\/"]}]},{"@type":"ImageObject","inLanguage":"de","@id":"https:\/\/cmplast.it\/profili-in-plastica\/arredamento-gdo-e-commerciale\/#primaryimage","url":"https:\/\/cmplast.it\/wp-content\/uploads\/sottoiltitolo-300x12.png","contentUrl":"https:\/\/cmplast.it\/wp-content\/uploads\/sottoiltitolo-300x12.png"},{"@type":"BreadcrumbList","@id":"https:\/\/cmplast.it\/profili-in-plastica\/arredamento-gdo-e-commerciale\/#breadcrumb","itemListElement":[{"@type":"ListItem","position":1,"name":"Home","item":"https:\/\/cmplast.it\/de\/"},{"@type":"ListItem","position":2,"name":"Branchenbereiche","item":"https:\/\/cmplast.it\/profili-in-plastica\/"},{"@type":"ListItem","position":3,"name":"Einrichtungen f\u00fcr superm\u00e4rkte und einzelhandel"}]},{"@type":"WebSite","@id":"https:\/\/cmplast.it\/#website","url":"https:\/\/cmplast.it\/","name":"CMplast","description":"","publisher":{"@id":"https:\/\/cmplast.it\/#organization"},"potentialAction":[{"@type":"SearchAction","target":{"@type":"EntryPoint","urlTemplate":"https:\/\/cmplast.it\/?s={search_term_string}"},"query-input":{"@type":"PropertyValueSpecification","valueRequired":true,"valueName":"search_term_string"}}],"inLanguage":"de"},{"@type":"Organization","@id":"https:\/\/cmplast.it\/#organization","name":"CMplast","url":"https:\/\/cmplast.it\/","logo":{"@type":"ImageObject","inLanguage":"de","@id":"https:\/\/cmplast.it\/#\/schema\/logo\/image\/","url":"https:\/\/cmplast.it\/wp-content\/uploads\/cropped-CMPLAST_LOGO_OR_POSITIVO.png","contentUrl":"https:\/\/cmplast.it\/wp-content\/uploads\/cropped-CMPLAST_LOGO_OR_POSITIVO.png","width":500,"height":176,"caption":"CMplast"},"image":{"@id":"https:\/\/cmplast.it\/#\/schema\/logo\/image\/"}}]}},"_links":{"self":[{"href":"https:\/\/cmplast.it\/de\/wp-json\/wp\/v2\/pages\/1020","targetHints":{"allow":["GET"]}}],"collection":[{"href":"https:\/\/cmplast.it\/de\/wp-json\/wp\/v2\/pages"}],"about":[{"href":"https:\/\/cmplast.it\/de\/wp-json\/wp\/v2\/types\/page"}],"author":[{"embeddable":true,"href":"https:\/\/cmplast.it\/de\/wp-json\/wp\/v2\/users\/1"}],"replies":[{"embeddable":true,"href":"https:\/\/cmplast.it\/de\/wp-json\/wp\/v2\/comments?post=1020"}],"version-history":[{"count":2,"href":"https:\/\/cmplast.it\/de\/wp-json\/wp\/v2\/pages\/1020\/revisions"}],"predecessor-version":[{"id":1079,"href":"https:\/\/cmplast.it\/de\/wp-json\/wp\/v2\/pages\/1020\/revisions\/1079"}],"up":[{"embeddable":true,"href":"https:\/\/cmplast.it\/de\/wp-json\/wp\/v2\/pages\/1042"}],"wp:attachment":[{"href":"https:\/\/cmplast.it\/de\/wp-json\/wp\/v2\/media?parent=1020"}],"curies":[{"name":"wp","href":"https:\/\/api.w.org\/{rel}","templated":true}]}}