{"id":1121,"date":"2021-07-23T17:39:20","date_gmt":"2021-07-23T15:39:20","guid":{"rendered":"https:\/\/cmplast.it\/info-legali\/"},"modified":"2022-01-20T10:44:05","modified_gmt":"2022-01-20T09:44:05","slug":"info-legali","status":"publish","type":"page","link":"https:\/\/cmplast.it\/de\/info-legali\/","title":{"rendered":"Info Legali"},"content":{"rendered":"\t\t<div data-elementor-type=\"wp-post\" data-elementor-id=\"1121\" class=\"elementor elementor-1121 elementor-626\" data-elementor-post-type=\"page\">\n\t\t\t\t\t\t<section class=\"elementor-section elementor-top-section elementor-element elementor-element-2afde35c elementor-section-boxed elementor-section-height-default elementor-section-height-default\" data-id=\"2afde35c\" data-element_type=\"section\">\n\t\t\t\t\t\t<div class=\"elementor-container elementor-column-gap-default\">\n\t\t\t\t\t<div class=\"elementor-column elementor-col-100 elementor-top-column elementor-element elementor-element-4139d2a9\" data-id=\"4139d2a9\" data-element_type=\"column\">\n\t\t\t<div class=\"elementor-widget-wrap elementor-element-populated\">\n\t\t\t\t\t\t<div class=\"elementor-element elementor-element-3880f130 elementor-widget elementor-widget-text-editor\" data-id=\"3880f130\" data-element_type=\"widget\" data-widget_type=\"text-editor.default\">\n\t\t\t\t<div class=\"elementor-widget-container\">\n\t\t\t\t\t\t\t\t\t<p><strong>GESELLSCHAFTSDATEN<\/strong><\/p>\n<p>Gesellschaftsname: CM Plast Srl<br \/>\nGesch\u00e4fts- und Betriebssitz: Via Madonna n\u00b0 12 \u2013 31048 San Biagio di Callalta (TV)<br \/>\nGesch\u00e4fts- und Betriebssitz: Via Madonna n\u00b0 12 \u2013 31048 San Biagio di Callalta (TV)<br \/>\nSteuernummer: 04369060274<br \/>\nUmsatzsteuer-Identifikationsnummer: 04369060274<br \/>\nHandelsregisteramt: TREVISO<br \/>\nWirtschaftliches Verwaltungsregister (R.E.A.): TV-400463<\/p>\n<p><strong>INFORMATIONSSCHRIFTEN UND EINWILLIGUNGEN DES UNTERNEHMENS<\/strong><\/p>\n<p><strong>CM Plast Srl<\/strong><\/p>\n<p><a href=\"https:\/\/cmplast.it\/de\/privacy-policy\/\" target=\"_blank\" rel=\"noopener\"><strong><u>Informationsschrift des Unternehmens zur Datenverarbeitung\u00a0<\/u><\/strong>\u00a0<em>(<\/em>https:\/\/cmplast.it\/de\/privacy-policy\/)<br \/>\n<\/a><a href=\"https:\/\/cmplast.it\/de\/cookies\/\" target=\"_blank\" rel=\"noopener\"><strong><u>Einwilligung nach Aufkl\u00e4rung des Unternehmens \u00fcber die Datenverarbeitung\u00a0<\/u><\/strong><em>(<\/em>https:\/\/cmplast.it\/de\/cookies\/)<br \/>\n<\/a><\/p>\n<p><strong>HINWEISE ZU URHEBERRECHTEN UND EINGETRAGENEN WARENZEICHEN<\/strong><\/p>\n<p>Der gesamte Inhalt dieser Website wird von den Urheberrechten (copyright \u00a9) 2021 der Firma CM Plast Srloder ihrer Zulieferer gesch\u00fctzt. Alle Rechte sind den Eigent\u00fcmern gesetzlich vorbehalten.<br \/>\nGem\u00e4\u00df Art. 1, Absatz 1 des Gesetzesdekrets Nr. 72 vom 22. M\u00e4rz 2004, so wie durch das Umwandlungsgesetz Nr. 128 vom 21. Mai 2004 ge\u00e4ndert, erf\u00fcllen die auf dieser Website befindlichen Inhalte die Verpflichtungen, die sich aus der Gesetzgebung \u00fcber das Urheberrecht und den damit verbundenen Rechten ergeben.<br \/>\nDie Vervielf\u00e4ltigung, die Mitteilung an die \u00d6ffentlichkeit, die \u00f6ffentliche Zug\u00e4nglichmachung, die Vermietung und der Verleih, die \u00f6ffentliche Ausf\u00fchrung und Verbreitung sind ohne Zustimmung des Inhabers der Rechte verboten.<\/p>\n<p>Verst\u00f6\u00dfe unterliegen den Sanktionen der Artikel 171, 171-bis, 171-ter, 174-bis und 174-ter des Gesetzes 633\/1941.<br \/>\nGem\u00e4\u00df Art. 5 des Gesetzes Nr. 633 vom 22. April 1941 \u00fcber den Schutz des Urheberrechts, unterliegen<br \/>\ndie Texte offizieller Dokumente des Staates und der \u00f6ffentlichen Verwaltungen, sowohl in Italien als auch im Ausland, nicht dem Urheberrecht.<br \/>\nDas angegebene Copyright bezieht sich auf die Verarbeitung und Darstellungsform der Texte selbst.<\/p>\n<p>Vermeintliche Urheberrechtsverletzungen<\/p>\n<p>Diese Mitteilungen m\u00fcssen schriftlich erfolgen und an die nachstehende Adresse, Faxnummer oder E-Mail-Adresse des zust\u00e4ndigen Vertreters von<br \/>\nCM Plast Srlgesendet werden:<\/p>\n<p>Gesellschaftsname: Via Madonna n\u00b0 12 \u2013 31048 San Biagio di Callalta (TV)<br \/>\nGesch\u00e4fts- und Betriebssitz: Via Madonna n\u00b0 12 \u2013 31048 San Biagio di Callalta (TV)<br \/>\nPhone: (+39) 0422 1843670 \u2013 Fax: (+39) 0422 1843671<br \/>\neM. <a href=\"mailto:info@cmplast.eu\">info@cmplast.it<\/a><\/p>\n\t\t\t\t\t\t\t\t<\/div>\n\t\t\t\t<\/div>\n\t\t\t\t\t<\/div>\n\t\t<\/div>\n\t\t\t\t\t<\/div>\n\t\t<\/section>\n\t\t\t\t<\/div>\n\t\t","protected":false},"excerpt":{"rendered":"<p>GESELLSCHAFTSDATEN Gesellschaftsname: CM Plast Srl Gesch\u00e4fts- und Betriebssitz: Via Madonna n\u00b0 12 \u2013 31048 San Biagio di Callalta (TV) Gesch\u00e4fts- und Betriebssitz: Via Madonna n\u00b0 12 \u2013 31048 San Biagio di Callalta (TV) Steuernummer: 04369060274 Umsatzsteuer-Identifikationsnummer: 04369060274 Handelsregisteramt: TREVISO Wirtschaftliches Verwaltungsregister (R.E.A.): TV-400463 INFORMATIONSSCHRIFTEN UND EINWILLIGUNGEN DES UNTERNEHMENS CM Plast Srl Informationsschrift des Unternehmens zur [&hellip;]<\/p>\n","protected":false},"author":1,"featured_media":0,"parent":0,"menu_order":0,"comment_status":"closed","ping_status":"closed","template":"elementor_header_footer","meta":{"ocean_post_layout":"","ocean_both_sidebars_style":"","ocean_both_sidebars_content_width":0,"ocean_both_sidebars_sidebars_width":0,"ocean_sidebar":"0","ocean_second_sidebar":"0","ocean_disable_margins":"enable","ocean_add_body_class":"","ocean_shortcode_before_top_bar":"","ocean_shortcode_after_top_bar":"","ocean_shortcode_before_header":"","ocean_shortcode_after_header":"","ocean_has_shortcode":"","ocean_shortcode_after_title":"","ocean_shortcode_before_footer_widgets":"","ocean_shortcode_after_footer_widgets":"","ocean_shortcode_before_footer_bottom":"","ocean_shortcode_after_footer_bottom":"","ocean_display_top_bar":"default","ocean_display_header":"default","ocean_header_style":"","ocean_center_header_left_menu":"0","ocean_custom_header_template":"0","ocean_custom_logo":0,"ocean_custom_retina_logo":0,"ocean_custom_logo_max_width":0,"ocean_custom_logo_tablet_max_width":0,"ocean_custom_logo_mobile_max_width":0,"ocean_custom_logo_max_height":0,"ocean_custom_logo_tablet_max_height":0,"ocean_custom_logo_mobile_max_height":0,"ocean_header_custom_menu":"0","ocean_menu_typo_font_family":"0","ocean_menu_typo_font_subset":"","ocean_menu_typo_font_size":0,"ocean_menu_typo_font_size_tablet":0,"ocean_menu_typo_font_size_mobile":0,"ocean_menu_typo_font_size_unit":"px","ocean_menu_typo_font_weight":"","ocean_menu_typo_font_weight_tablet":"","ocean_menu_typo_font_weight_mobile":"","ocean_menu_typo_transform":"","ocean_menu_typo_transform_tablet":"","ocean_menu_typo_transform_mobile":"","ocean_menu_typo_line_height":0,"ocean_menu_typo_line_height_tablet":0,"ocean_menu_typo_line_height_mobile":0,"ocean_menu_typo_line_height_unit":"","ocean_menu_typo_spacing":0,"ocean_menu_typo_spacing_tablet":0,"ocean_menu_typo_spacing_mobile":0,"ocean_menu_typo_spacing_unit":"","ocean_menu_link_color":"","ocean_menu_link_color_hover":"","ocean_menu_link_color_active":"","ocean_menu_link_background":"","ocean_menu_link_hover_background":"","ocean_menu_link_active_background":"","ocean_menu_social_links_bg":"","ocean_menu_social_hover_links_bg":"","ocean_menu_social_links_color":"","ocean_menu_social_hover_links_color":"","ocean_disable_title":"default","ocean_disable_heading":"default","ocean_post_title":"","ocean_post_subheading":"","ocean_post_title_style":"","ocean_post_title_background_color":"","ocean_post_title_background":0,"ocean_post_title_bg_image_position":"","ocean_post_title_bg_image_attachment":"","ocean_post_title_bg_image_repeat":"","ocean_post_title_bg_image_size":"","ocean_post_title_height":0,"ocean_post_title_bg_overlay":0.5,"ocean_post_title_bg_overlay_color":"","ocean_disable_breadcrumbs":"default","ocean_breadcrumbs_color":"","ocean_breadcrumbs_separator_color":"","ocean_breadcrumbs_links_color":"","ocean_breadcrumbs_links_hover_color":"","ocean_display_footer_widgets":"default","ocean_display_footer_bottom":"default","ocean_custom_footer_template":"0","footnotes":""},"class_list":["post-1121","page","type-page","status-publish","hentry","entry"],"yoast_head":"<!-- This site is optimized with the Yoast SEO plugin v24.7 - https:\/\/yoast.com\/wordpress\/plugins\/seo\/ -->\n<title>Info Legali - CMplast<\/title>\n<meta name=\"robots\" content=\"index, follow, max-snippet:-1, max-image-preview:large, max-video-preview:-1\" \/>\n<link rel=\"canonical\" href=\"https:\/\/cmplast.it\/info-legali\/\" \/>\n<meta property=\"og:locale\" content=\"de_DE\" \/>\n<meta property=\"og:type\" content=\"article\" \/>\n<meta property=\"og:title\" content=\"Info Legali - CMplast\" \/>\n<meta property=\"og:description\" content=\"GESELLSCHAFTSDATEN Gesellschaftsname: CM Plast Srl Gesch\u00e4fts- und Betriebssitz: Via Madonna n\u00b0 12 \u2013 31048 San Biagio di Callalta (TV) Gesch\u00e4fts- und Betriebssitz: Via Madonna n\u00b0 12 \u2013 31048 San Biagio di Callalta (TV) Steuernummer: 04369060274 Umsatzsteuer-Identifikationsnummer: 04369060274 Handelsregisteramt: TREVISO Wirtschaftliches Verwaltungsregister (R.E.A.): TV-400463 INFORMATIONSSCHRIFTEN UND EINWILLIGUNGEN DES UNTERNEHMENS CM Plast Srl Informationsschrift des Unternehmens zur [&hellip;]\" \/>\n<meta property=\"og:url\" content=\"https:\/\/cmplast.it\/info-legali\/\" \/>\n<meta property=\"og:site_name\" content=\"CMplast\" \/>\n<meta property=\"article:modified_time\" content=\"2022-01-20T09:44:05+00:00\" \/>\n<meta name=\"twitter:card\" content=\"summary_large_image\" \/>\n<meta name=\"twitter:label1\" content=\"Gesch\u00e4tzte Lesezeit\" \/>\n\t<meta name=\"twitter:data1\" content=\"1\u00a0Minute\" \/>\n<script type=\"application\/ld+json\" class=\"yoast-schema-graph\">{\"@context\":\"https:\/\/schema.org\",\"@graph\":[{\"@type\":\"WebPage\",\"@id\":\"https:\/\/cmplast.it\/info-legali\/\",\"url\":\"https:\/\/cmplast.it\/info-legali\/\",\"name\":\"Info Legali - CMplast\",\"isPartOf\":{\"@id\":\"https:\/\/cmplast.it\/#website\"},\"datePublished\":\"2021-07-23T15:39:20+00:00\",\"dateModified\":\"2022-01-20T09:44:05+00:00\",\"breadcrumb\":{\"@id\":\"https:\/\/cmplast.it\/info-legali\/#breadcrumb\"},\"inLanguage\":\"de\",\"potentialAction\":[{\"@type\":\"ReadAction\",\"target\":[\"https:\/\/cmplast.it\/info-legali\/\"]}]},{\"@type\":\"BreadcrumbList\",\"@id\":\"https:\/\/cmplast.it\/info-legali\/#breadcrumb\",\"itemListElement\":[{\"@type\":\"ListItem\",\"position\":1,\"name\":\"Home\",\"item\":\"https:\/\/cmplast.it\/de\/\"},{\"@type\":\"ListItem\",\"position\":2,\"name\":\"Info Legali\"}]},{\"@type\":\"WebSite\",\"@id\":\"https:\/\/cmplast.it\/#website\",\"url\":\"https:\/\/cmplast.it\/\",\"name\":\"CMplast\",\"description\":\"\",\"publisher\":{\"@id\":\"https:\/\/cmplast.it\/#organization\"},\"potentialAction\":[{\"@type\":\"SearchAction\",\"target\":{\"@type\":\"EntryPoint\",\"urlTemplate\":\"https:\/\/cmplast.it\/?s={search_term_string}\"},\"query-input\":{\"@type\":\"PropertyValueSpecification\",\"valueRequired\":true,\"valueName\":\"search_term_string\"}}],\"inLanguage\":\"de\"},{\"@type\":\"Organization\",\"@id\":\"https:\/\/cmplast.it\/#organization\",\"name\":\"CMplast\",\"url\":\"https:\/\/cmplast.it\/\",\"logo\":{\"@type\":\"ImageObject\",\"inLanguage\":\"de\",\"@id\":\"https:\/\/cmplast.it\/#\/schema\/logo\/image\/\",\"url\":\"https:\/\/cmplast.it\/wp-content\/uploads\/cropped-CMPLAST_LOGO_OR_POSITIVO.png\",\"contentUrl\":\"https:\/\/cmplast.it\/wp-content\/uploads\/cropped-CMPLAST_LOGO_OR_POSITIVO.png\",\"width\":500,\"height\":176,\"caption\":\"CMplast\"},\"image\":{\"@id\":\"https:\/\/cmplast.it\/#\/schema\/logo\/image\/\"}}]}<\/script>\n<!-- \/ Yoast SEO plugin. -->","yoast_head_json":{"title":"Info Legali - CMplast","robots":{"index":"index","follow":"follow","max-snippet":"max-snippet:-1","max-image-preview":"max-image-preview:large","max-video-preview":"max-video-preview:-1"},"canonical":"https:\/\/cmplast.it\/info-legali\/","og_locale":"de_DE","og_type":"article","og_title":"Info Legali - CMplast","og_description":"GESELLSCHAFTSDATEN Gesellschaftsname: CM Plast Srl Gesch\u00e4fts- und Betriebssitz: Via Madonna n\u00b0 12 \u2013 31048 San Biagio di Callalta (TV) Gesch\u00e4fts- und Betriebssitz: Via Madonna n\u00b0 12 \u2013 31048 San Biagio di Callalta (TV) Steuernummer: 04369060274 Umsatzsteuer-Identifikationsnummer: 04369060274 Handelsregisteramt: TREVISO Wirtschaftliches Verwaltungsregister (R.E.A.): TV-400463 INFORMATIONSSCHRIFTEN UND EINWILLIGUNGEN DES UNTERNEHMENS CM Plast Srl Informationsschrift des Unternehmens zur [&hellip;]","og_url":"https:\/\/cmplast.it\/info-legali\/","og_site_name":"CMplast","article_modified_time":"2022-01-20T09:44:05+00:00","twitter_card":"summary_large_image","twitter_misc":{"Gesch\u00e4tzte Lesezeit":"1\u00a0Minute"},"schema":{"@context":"https:\/\/schema.org","@graph":[{"@type":"WebPage","@id":"https:\/\/cmplast.it\/info-legali\/","url":"https:\/\/cmplast.it\/info-legali\/","name":"Info Legali - CMplast","isPartOf":{"@id":"https:\/\/cmplast.it\/#website"},"datePublished":"2021-07-23T15:39:20+00:00","dateModified":"2022-01-20T09:44:05+00:00","breadcrumb":{"@id":"https:\/\/cmplast.it\/info-legali\/#breadcrumb"},"inLanguage":"de","potentialAction":[{"@type":"ReadAction","target":["https:\/\/cmplast.it\/info-legali\/"]}]},{"@type":"BreadcrumbList","@id":"https:\/\/cmplast.it\/info-legali\/#breadcrumb","itemListElement":[{"@type":"ListItem","position":1,"name":"Home","item":"https:\/\/cmplast.it\/de\/"},{"@type":"ListItem","position":2,"name":"Info Legali"}]},{"@type":"WebSite","@id":"https:\/\/cmplast.it\/#website","url":"https:\/\/cmplast.it\/","name":"CMplast","description":"","publisher":{"@id":"https:\/\/cmplast.it\/#organization"},"potentialAction":[{"@type":"SearchAction","target":{"@type":"EntryPoint","urlTemplate":"https:\/\/cmplast.it\/?s={search_term_string}"},"query-input":{"@type":"PropertyValueSpecification","valueRequired":true,"valueName":"search_term_string"}}],"inLanguage":"de"},{"@type":"Organization","@id":"https:\/\/cmplast.it\/#organization","name":"CMplast","url":"https:\/\/cmplast.it\/","logo":{"@type":"ImageObject","inLanguage":"de","@id":"https:\/\/cmplast.it\/#\/schema\/logo\/image\/","url":"https:\/\/cmplast.it\/wp-content\/uploads\/cropped-CMPLAST_LOGO_OR_POSITIVO.png","contentUrl":"https:\/\/cmplast.it\/wp-content\/uploads\/cropped-CMPLAST_LOGO_OR_POSITIVO.png","width":500,"height":176,"caption":"CMplast"},"image":{"@id":"https:\/\/cmplast.it\/#\/schema\/logo\/image\/"}}]}},"_links":{"self":[{"href":"https:\/\/cmplast.it\/de\/wp-json\/wp\/v2\/pages\/1121","targetHints":{"allow":["GET"]}}],"collection":[{"href":"https:\/\/cmplast.it\/de\/wp-json\/wp\/v2\/pages"}],"about":[{"href":"https:\/\/cmplast.it\/de\/wp-json\/wp\/v2\/types\/page"}],"author":[{"embeddable":true,"href":"https:\/\/cmplast.it\/de\/wp-json\/wp\/v2\/users\/1"}],"replies":[{"embeddable":true,"href":"https:\/\/cmplast.it\/de\/wp-json\/wp\/v2\/comments?post=1121"}],"version-history":[{"count":4,"href":"https:\/\/cmplast.it\/de\/wp-json\/wp\/v2\/pages\/1121\/revisions"}],"predecessor-version":[{"id":1564,"href":"https:\/\/cmplast.it\/de\/wp-json\/wp\/v2\/pages\/1121\/revisions\/1564"}],"wp:attachment":[{"href":"https:\/\/cmplast.it\/de\/wp-json\/wp\/v2\/media?parent=1121"}],"curies":[{"name":"wp","href":"https:\/\/api.w.org\/{rel}","templated":true}]}}