{"id":1719,"date":"2022-02-10T10:21:06","date_gmt":"2022-02-10T09:21:06","guid":{"rendered":"https:\/\/cmplast.it\/news\/"},"modified":"2022-02-10T10:21:07","modified_gmt":"2022-02-10T09:21:07","slug":"news","status":"publish","type":"page","link":"https:\/\/cmplast.it\/de\/news\/","title":{"rendered":"News"},"content":{"rendered":"\t\t<div data-elementor-type=\"wp-post\" data-elementor-id=\"1719\" class=\"elementor elementor-1719 elementor-361 elementor-bc-flex-widget\" data-elementor-post-type=\"page\">\n\t\t\t\t\t\t<section class=\"elementor-section elementor-top-section elementor-element elementor-element-4c94882 elementor-section-boxed elementor-section-height-default elementor-section-height-default\" data-id=\"4c94882\" data-element_type=\"section\" data-settings=\"{&quot;background_background&quot;:&quot;classic&quot;}\">\n\t\t\t\t\t\t\t<div class=\"elementor-background-overlay\"><\/div>\n\t\t\t\t\t\t\t<div class=\"elementor-container elementor-column-gap-default\">\n\t\t\t\t\t<div class=\"elementor-column elementor-col-100 elementor-top-column elementor-element elementor-element-a39b619\" data-id=\"a39b619\" data-element_type=\"column\">\n\t\t\t<div class=\"elementor-widget-wrap elementor-element-populated\">\n\t\t\t\t\t\t<div class=\"elementor-element elementor-element-f7102c3 elementor-widget elementor-widget-heading\" data-id=\"f7102c3\" data-element_type=\"widget\" data-widget_type=\"heading.default\">\n\t\t\t\t<div class=\"elementor-widget-container\">\n\t\t\t\t\t<h1 class=\"elementor-heading-title elementor-size-default\">Hinterlassen Sie einen Kommentar<\/h1>\t\t\t\t<\/div>\n\t\t\t\t<\/div>\n\t\t\t\t<div class=\"elementor-element elementor-element-8676c19 elementor-widget elementor-widget-image\" data-id=\"8676c19\" data-element_type=\"widget\" data-widget_type=\"image.default\">\n\t\t\t\t<div class=\"elementor-widget-container\">\n\t\t\t\t\t\t\t\t\t\t\t\t\t\t\t<img decoding=\"async\" width=\"300\" height=\"12\" src=\"https:\/\/cmplast.it\/wp-content\/uploads\/sottoiltitolo-300x12.png\" class=\"attachment-medium size-medium wp-image-75\" alt=\"\" \/>\t\t\t\t\t\t\t\t\t\t\t\t\t\t\t<\/div>\n\t\t\t\t<\/div>\n\t\t\t\t\t<\/div>\n\t\t<\/div>\n\t\t\t\t\t<\/div>\n\t\t<\/section>\n\t\t\t\t<section class=\"elementor-section elementor-top-section elementor-element elementor-element-09b3990 elementor-section-boxed elementor-section-height-default elementor-section-height-default\" data-id=\"09b3990\" data-element_type=\"section\" data-settings=\"{&quot;background_background&quot;:&quot;classic&quot;}\">\n\t\t\t\t\t\t<div class=\"elementor-container elementor-column-gap-default\">\n\t\t\t\t\t<div class=\"elementor-column elementor-col-100 elementor-top-column elementor-element elementor-element-1cb6ab2\" data-id=\"1cb6ab2\" data-element_type=\"column\">\n\t\t\t<div class=\"elementor-widget-wrap elementor-element-populated\">\n\t\t\t\t\t\t<div class=\"elementor-element elementor-element-333dc23 elementor-grid-3 elementor-grid-tablet-2 elementor-grid-mobile-1 elementor-posts--thumbnail-top elementor-card-shadow-yes elementor-posts__hover-gradient elementor-widget elementor-widget-posts\" data-id=\"333dc23\" data-element_type=\"widget\" data-settings=\"{&quot;cards_row_gap&quot;:{&quot;unit&quot;:&quot;px&quot;,&quot;size&quot;:38,&quot;sizes&quot;:[]},&quot;cards_columns&quot;:&quot;3&quot;,&quot;cards_columns_tablet&quot;:&quot;2&quot;,&quot;cards_columns_mobile&quot;:&quot;1&quot;,&quot;cards_row_gap_tablet&quot;:{&quot;unit&quot;:&quot;px&quot;,&quot;size&quot;:&quot;&quot;,&quot;sizes&quot;:[]},&quot;cards_row_gap_mobile&quot;:{&quot;unit&quot;:&quot;px&quot;,&quot;size&quot;:&quot;&quot;,&quot;sizes&quot;:[]}}\" data-widget_type=\"posts.cards\">\n\t\t\t\t<div class=\"elementor-widget-container\">\n\t\t\t\t\t\t\t<div class=\"elementor-posts-container elementor-posts elementor-posts--skin-cards elementor-grid\">\n\t\t\t\t<article class=\"elementor-post elementor-grid-item post-1730 post type-post status-publish format-standard has-post-thumbnail hentry category-unkategorisiert entry has-media\">\n\t\t\t<div class=\"elementor-post__card\">\n\t\t\t\t<a class=\"elementor-post__thumbnail__link\" href=\"https:\/\/cmplast.it\/de\/cm-plast-erhaelt-die-zertifizierung-des-qualitaetsmanagementsystems-in-konformitaet-mit-der-norm-uni-en-iso-90012015\/\" tabindex=\"-1\" ><div class=\"elementor-post__thumbnail\"><img fetchpriority=\"high\" decoding=\"async\" width=\"300\" height=\"192\" src=\"https:\/\/cmplast.it\/wp-content\/uploads\/Qualita-300x192.jpg\" class=\"attachment-medium size-medium wp-image-1789\" alt=\"\" srcset=\"https:\/\/cmplast.it\/wp-content\/uploads\/Qualita-300x192.jpg 300w, https:\/\/cmplast.it\/wp-content\/uploads\/Qualita-768x493.jpg 768w, https:\/\/cmplast.it\/wp-content\/uploads\/Qualita.jpg 826w\" sizes=\"(max-width: 300px) 100vw, 300px\" \/><\/div><\/a>\n\t\t\t\t<div class=\"elementor-post__text\">\n\t\t\t\t<h4 class=\"elementor-post__title\">\n\t\t\t<a href=\"https:\/\/cmplast.it\/de\/cm-plast-erhaelt-die-zertifizierung-des-qualitaetsmanagementsystems-in-konformitaet-mit-der-norm-uni-en-iso-90012015\/\" >\n\t\t\t\tCM Plast erh\u00e4lt die zertifizierung des qualit\u00e4tsmanagementsystems in konformit\u00e4t mit der norm uni en iso 9001:2015\t\t\t<\/a>\n\t\t<\/h4>\n\t\t\t\t<div class=\"elementor-post__excerpt\">\n\t\t\t<p>Die CM Plast Srl hat sich im Rahmen der Aktualisierung<\/p>\n\t\t<\/div>\n\t\t\n\t\t<a class=\"elementor-post__read-more\" href=\"https:\/\/cmplast.it\/de\/cm-plast-erhaelt-die-zertifizierung-des-qualitaetsmanagementsystems-in-konformitaet-mit-der-norm-uni-en-iso-90012015\/\" aria-label=\"Mehr \u00fcber CM Plast erh\u00e4lt die zertifizierung des qualit\u00e4tsmanagementsystems in konformit\u00e4t mit der norm uni en iso 9001:2015\" tabindex=\"-1\" >\n\t\t\tWeiterlesen\t\t<\/a>\n\n\t\t\t\t<\/div>\n\t\t\t\t<div class=\"elementor-post__meta-data\">\n\t\t\t\t\t<span class=\"elementor-post-date\">\n\t\t\t10 Februar 2022\t\t<\/span>\n\t\t\t\t<\/div>\n\t\t\t\t\t<\/div>\n\t\t<\/article>\n\t\t\t\t<article class=\"elementor-post elementor-grid-item post-1728 post type-post status-publish format-standard has-post-thumbnail hentry category-unkategorisiert entry has-media\">\n\t\t\t<div class=\"elementor-post__card\">\n\t\t\t\t<a class=\"elementor-post__thumbnail__link\" href=\"https:\/\/cmplast.it\/de\/cm-plast-schliesst-sich-universo-treviso-an-und-sponsert-treviso-basket\/\" tabindex=\"-1\" ><div class=\"elementor-post__thumbnail\"><img decoding=\"async\" width=\"300\" height=\"169\" src=\"https:\/\/cmplast.it\/wp-content\/uploads\/Palaverde-300x169.jpg\" class=\"attachment-medium size-medium wp-image-1582\" alt=\"\" srcset=\"https:\/\/cmplast.it\/wp-content\/uploads\/Palaverde-300x169.jpg 300w, https:\/\/cmplast.it\/wp-content\/uploads\/Palaverde.jpg 640w\" sizes=\"(max-width: 300px) 100vw, 300px\" \/><\/div><\/a>\n\t\t\t\t<div class=\"elementor-post__text\">\n\t\t\t\t<h4 class=\"elementor-post__title\">\n\t\t\t<a href=\"https:\/\/cmplast.it\/de\/cm-plast-schliesst-sich-universo-treviso-an-und-sponsert-treviso-basket\/\" >\n\t\t\t\tCm plast schliesst sich universo treviso an und sponsert treviso basket\t\t\t<\/a>\n\t\t<\/h4>\n\t\t\t\t<div class=\"elementor-post__excerpt\">\n\t\t\t<p>Die Verantwortlichen von CM Plast haben sich schon immer f\u00fcr<\/p>\n\t\t<\/div>\n\t\t\n\t\t<a class=\"elementor-post__read-more\" href=\"https:\/\/cmplast.it\/de\/cm-plast-schliesst-sich-universo-treviso-an-und-sponsert-treviso-basket\/\" aria-label=\"Mehr \u00fcber Cm plast schliesst sich universo treviso an und sponsert treviso basket\" tabindex=\"-1\" >\n\t\t\tWeiterlesen\t\t<\/a>\n\n\t\t\t\t<\/div>\n\t\t\t\t<div class=\"elementor-post__meta-data\">\n\t\t\t\t\t<span class=\"elementor-post-date\">\n\t\t\t10 Februar 2022\t\t<\/span>\n\t\t\t\t<\/div>\n\t\t\t\t\t<\/div>\n\t\t<\/article>\n\t\t\t\t<article class=\"elementor-post elementor-grid-item post-1726 post type-post status-publish format-standard has-post-thumbnail hentry category-news-de entry has-media\">\n\t\t\t<div class=\"elementor-post__card\">\n\t\t\t\t<a class=\"elementor-post__thumbnail__link\" href=\"https:\/\/cmplast.it\/de\/pvc-kunststoffe-verwendungszwecke-und-vorteile\/\" tabindex=\"-1\" ><div class=\"elementor-post__thumbnail\"><img loading=\"lazy\" decoding=\"async\" width=\"300\" height=\"193\" src=\"https:\/\/cmplast.it\/wp-content\/uploads\/cm-plast-materie-plastiche-vantaggi-300x193.jpg\" class=\"attachment-medium size-medium wp-image-1490\" alt=\"\" srcset=\"https:\/\/cmplast.it\/wp-content\/uploads\/cm-plast-materie-plastiche-vantaggi-300x193.jpg 300w, https:\/\/cmplast.it\/wp-content\/uploads\/cm-plast-materie-plastiche-vantaggi-1024x659.jpg 1024w, https:\/\/cmplast.it\/wp-content\/uploads\/cm-plast-materie-plastiche-vantaggi-768x494.jpg 768w, https:\/\/cmplast.it\/wp-content\/uploads\/cm-plast-materie-plastiche-vantaggi.jpg 1273w\" sizes=\"(max-width: 300px) 100vw, 300px\" \/><\/div><\/a>\n\t\t\t\t<div class=\"elementor-post__text\">\n\t\t\t\t<h4 class=\"elementor-post__title\">\n\t\t\t<a href=\"https:\/\/cmplast.it\/de\/pvc-kunststoffe-verwendungszwecke-und-vorteile\/\" >\n\t\t\t\tPVC-Kunststoffe: Verwendungszwecke und Vorteile\t\t\t<\/a>\n\t\t<\/h4>\n\t\t\t\t<div class=\"elementor-post__excerpt\">\n\t\t\t<p>PVC ist ein Kunststoffmaterial\u00a0, das eine der wirksamsten L\u00f6sungen zur<\/p>\n\t\t<\/div>\n\t\t\n\t\t<a class=\"elementor-post__read-more\" href=\"https:\/\/cmplast.it\/de\/pvc-kunststoffe-verwendungszwecke-und-vorteile\/\" aria-label=\"Mehr \u00fcber PVC-Kunststoffe: Verwendungszwecke und Vorteile\" tabindex=\"-1\" >\n\t\t\tWeiterlesen\t\t<\/a>\n\n\t\t\t\t<\/div>\n\t\t\t\t<div class=\"elementor-post__meta-data\">\n\t\t\t\t\t<span class=\"elementor-post-date\">\n\t\t\t10 Februar 2022\t\t<\/span>\n\t\t\t\t<\/div>\n\t\t\t\t\t<\/div>\n\t\t<\/article>\n\t\t\t\t<article class=\"elementor-post elementor-grid-item post-1724 post type-post status-publish format-standard has-post-thumbnail hentry category-news-de entry has-media\">\n\t\t\t<div class=\"elementor-post__card\">\n\t\t\t\t<a class=\"elementor-post__thumbnail__link\" href=\"https:\/\/cmplast.it\/de\/die-pvc-preisentwicklung-bis-2021-und-darueber-hinaus\/\" tabindex=\"-1\" ><div class=\"elementor-post__thumbnail\"><img loading=\"lazy\" decoding=\"async\" width=\"300\" height=\"182\" src=\"https:\/\/cmplast.it\/wp-content\/uploads\/ICIS-PVC-Update-June-2021-300x182.jpg\" class=\"attachment-medium size-medium wp-image-1696\" alt=\"\" srcset=\"https:\/\/cmplast.it\/wp-content\/uploads\/ICIS-PVC-Update-June-2021-300x182.jpg 300w, https:\/\/cmplast.it\/wp-content\/uploads\/ICIS-PVC-Update-June-2021-1024x622.jpg 1024w, https:\/\/cmplast.it\/wp-content\/uploads\/ICIS-PVC-Update-June-2021-768x466.jpg 768w, https:\/\/cmplast.it\/wp-content\/uploads\/ICIS-PVC-Update-June-2021.jpg 1400w\" sizes=\"(max-width: 300px) 100vw, 300px\" \/><\/div><\/a>\n\t\t\t\t<div class=\"elementor-post__text\">\n\t\t\t\t<h4 class=\"elementor-post__title\">\n\t\t\t<a href=\"https:\/\/cmplast.it\/de\/die-pvc-preisentwicklung-bis-2021-und-darueber-hinaus\/\" >\n\t\t\t\tDie PVC-Preisentwicklung bis 2021 und dar\u00fcber hinaus\t\t\t<\/a>\n\t\t<\/h4>\n\t\t\t\t<div class=\"elementor-post__excerpt\">\n\t\t\t<p>Das Diagramm haben wir von einem unserer Lieferanten erhalten und<\/p>\n\t\t<\/div>\n\t\t\n\t\t<a class=\"elementor-post__read-more\" href=\"https:\/\/cmplast.it\/de\/die-pvc-preisentwicklung-bis-2021-und-darueber-hinaus\/\" aria-label=\"Mehr \u00fcber Die PVC-Preisentwicklung bis 2021 und dar\u00fcber hinaus\" tabindex=\"-1\" >\n\t\t\tWeiterlesen\t\t<\/a>\n\n\t\t\t\t<\/div>\n\t\t\t\t<div class=\"elementor-post__meta-data\">\n\t\t\t\t\t<span class=\"elementor-post-date\">\n\t\t\t10 Februar 2022\t\t<\/span>\n\t\t\t\t<\/div>\n\t\t\t\t\t<\/div>\n\t\t<\/article>\n\t\t\t\t<article class=\"elementor-post elementor-grid-item post-1723 post type-post status-publish format-standard has-post-thumbnail hentry category-news-de entry has-media\">\n\t\t\t<div class=\"elementor-post__card\">\n\t\t\t\t<a class=\"elementor-post__thumbnail__link\" href=\"https:\/\/cmplast.it\/de\/die-geschichte-des-kunststoffs\/\" tabindex=\"-1\" ><div class=\"elementor-post__thumbnail\"><img loading=\"lazy\" decoding=\"async\" width=\"300\" height=\"200\" src=\"https:\/\/cmplast.it\/wp-content\/uploads\/PROFILI-PLASTICI-CM-PLAST-2-1-300x200.jpg\" class=\"attachment-medium size-medium wp-image-1664\" alt=\"\" srcset=\"https:\/\/cmplast.it\/wp-content\/uploads\/PROFILI-PLASTICI-CM-PLAST-2-1-300x200.jpg 300w, https:\/\/cmplast.it\/wp-content\/uploads\/PROFILI-PLASTICI-CM-PLAST-2-1-768x512.jpg 768w, https:\/\/cmplast.it\/wp-content\/uploads\/PROFILI-PLASTICI-CM-PLAST-2-1-1024x683.jpg 1024w\" sizes=\"(max-width: 300px) 100vw, 300px\" \/><\/div><\/a>\n\t\t\t\t<div class=\"elementor-post__text\">\n\t\t\t\t<h4 class=\"elementor-post__title\">\n\t\t\t<a href=\"https:\/\/cmplast.it\/de\/die-geschichte-des-kunststoffs\/\" >\n\t\t\t\tDie Geschichte des Kunststoffs\t\t\t<\/a>\n\t\t<\/h4>\n\t\t\t\t<div class=\"elementor-post__excerpt\">\n\t\t\t<p>Der Kunststoff ist zweifelsfrei das am meisten verwendete Material in<\/p>\n\t\t<\/div>\n\t\t\n\t\t<a class=\"elementor-post__read-more\" href=\"https:\/\/cmplast.it\/de\/die-geschichte-des-kunststoffs\/\" aria-label=\"Mehr \u00fcber Die Geschichte des Kunststoffs\" tabindex=\"-1\" >\n\t\t\tWeiterlesen\t\t<\/a>\n\n\t\t\t\t<\/div>\n\t\t\t\t<div class=\"elementor-post__meta-data\">\n\t\t\t\t\t<span class=\"elementor-post-date\">\n\t\t\t10 Februar 2022\t\t<\/span>\n\t\t\t\t<\/div>\n\t\t\t\t\t<\/div>\n\t\t<\/article>\n\t\t\t\t<article class=\"elementor-post elementor-grid-item post-1721 post type-post status-publish format-standard has-post-thumbnail hentry category-news-de entry has-media\">\n\t\t\t<div class=\"elementor-post__card\">\n\t\t\t\t<a class=\"elementor-post__thumbnail__link\" href=\"https:\/\/cmplast.it\/de\/die-bedeutung-der-integrierten-logistik-bei-der-industriellen-produktion\/\" tabindex=\"-1\" ><div class=\"elementor-post__thumbnail\"><img loading=\"lazy\" decoding=\"async\" width=\"300\" height=\"200\" src=\"https:\/\/cmplast.it\/wp-content\/uploads\/news-3-300x200.jpg\" class=\"attachment-medium size-medium wp-image-1608\" alt=\"\" srcset=\"https:\/\/cmplast.it\/wp-content\/uploads\/news-3-300x200.jpg 300w, https:\/\/cmplast.it\/wp-content\/uploads\/news-3-768x512.jpg 768w, https:\/\/cmplast.it\/wp-content\/uploads\/news-3-1024x683.jpg 1024w, https:\/\/cmplast.it\/wp-content\/uploads\/news-3.jpg 1900w\" sizes=\"(max-width: 300px) 100vw, 300px\" \/><\/div><\/a>\n\t\t\t\t<div class=\"elementor-post__text\">\n\t\t\t\t<h4 class=\"elementor-post__title\">\n\t\t\t<a href=\"https:\/\/cmplast.it\/de\/die-bedeutung-der-integrierten-logistik-bei-der-industriellen-produktion\/\" >\n\t\t\t\tDie Bedeutung der integrierten Logistik bei der industriellen Produktion\t\t\t<\/a>\n\t\t<\/h4>\n\t\t\t\t<div class=\"elementor-post__excerpt\">\n\t\t\t<p>Man h\u00f6rt immer \u00f6fter etwas \u00fcber die integrierte Logistik. Aber<\/p>\n\t\t<\/div>\n\t\t\n\t\t<a class=\"elementor-post__read-more\" href=\"https:\/\/cmplast.it\/de\/die-bedeutung-der-integrierten-logistik-bei-der-industriellen-produktion\/\" aria-label=\"Mehr \u00fcber Die Bedeutung der integrierten Logistik bei der industriellen Produktion\" tabindex=\"-1\" >\n\t\t\tWeiterlesen\t\t<\/a>\n\n\t\t\t\t<\/div>\n\t\t\t\t<div class=\"elementor-post__meta-data\">\n\t\t\t\t\t<span class=\"elementor-post-date\">\n\t\t\t10 Februar 2022\t\t<\/span>\n\t\t\t\t<\/div>\n\t\t\t\t\t<\/div>\n\t\t<\/article>\n\t\t\t\t<\/div>\n\t\t\n\t\t\t\t\t\t<\/div>\n\t\t\t\t<\/div>\n\t\t\t\t\t<\/div>\n\t\t<\/div>\n\t\t\t\t\t<\/div>\n\t\t<\/section>\n\t\t\t\t<\/div>\n\t\t","protected":false},"excerpt":{"rendered":"<p>Hinterlassen Sie einen Kommentar<\/p>\n","protected":false},"author":1,"featured_media":0,"parent":0,"menu_order":0,"comment_status":"closed","ping_status":"closed","template":"elementor_header_footer","meta":{"ocean_post_layout":"","ocean_both_sidebars_style":"","ocean_both_sidebars_content_width":0,"ocean_both_sidebars_sidebars_width":0,"ocean_sidebar":"0","ocean_second_sidebar":"0","ocean_disable_margins":"enable","ocean_add_body_class":"","ocean_shortcode_before_top_bar":"","ocean_shortcode_after_top_bar":"","ocean_shortcode_before_header":"","ocean_shortcode_after_header":"","ocean_has_shortcode":"","ocean_shortcode_after_title":"","ocean_shortcode_before_footer_widgets":"","ocean_shortcode_after_footer_widgets":"","ocean_shortcode_before_footer_bottom":"","ocean_shortcode_after_footer_bottom":"","ocean_display_top_bar":"default","ocean_display_header":"default","ocean_header_style":"","ocean_center_header_left_menu":"0","ocean_custom_header_template":"0","ocean_custom_logo":0,"ocean_custom_retina_logo":0,"ocean_custom_logo_max_width":0,"ocean_custom_logo_tablet_max_width":0,"ocean_custom_logo_mobile_max_width":0,"ocean_custom_logo_max_height":0,"ocean_custom_logo_tablet_max_height":0,"ocean_custom_logo_mobile_max_height":0,"ocean_header_custom_menu":"0","ocean_menu_typo_font_family":"0","ocean_menu_typo_font_subset":"","ocean_menu_typo_font_size":0,"ocean_menu_typo_font_size_tablet":0,"ocean_menu_typo_font_size_mobile":0,"ocean_menu_typo_font_size_unit":"px","ocean_menu_typo_font_weight":"","ocean_menu_typo_font_weight_tablet":"","ocean_menu_typo_font_weight_mobile":"","ocean_menu_typo_transform":"","ocean_menu_typo_transform_tablet":"","ocean_menu_typo_transform_mobile":"","ocean_menu_typo_line_height":0,"ocean_menu_typo_line_height_tablet":0,"ocean_menu_typo_line_height_mobile":0,"ocean_menu_typo_line_height_unit":"","ocean_menu_typo_spacing":0,"ocean_menu_typo_spacing_tablet":0,"ocean_menu_typo_spacing_mobile":0,"ocean_menu_typo_spacing_unit":"","ocean_menu_link_color":"","ocean_menu_link_color_hover":"","ocean_menu_link_color_active":"","ocean_menu_link_background":"","ocean_menu_link_hover_background":"","ocean_menu_link_active_background":"","ocean_menu_social_links_bg":"","ocean_menu_social_hover_links_bg":"","ocean_menu_social_links_color":"","ocean_menu_social_hover_links_color":"","ocean_disable_title":"on","ocean_disable_heading":"default","ocean_post_title":"","ocean_post_subheading":"","ocean_post_title_style":"","ocean_post_title_background_color":"","ocean_post_title_background":0,"ocean_post_title_bg_image_position":"","ocean_post_title_bg_image_attachment":"","ocean_post_title_bg_image_repeat":"","ocean_post_title_bg_image_size":"","ocean_post_title_height":0,"ocean_post_title_bg_overlay":0.5,"ocean_post_title_bg_overlay_color":"","ocean_disable_breadcrumbs":"default","ocean_breadcrumbs_color":"","ocean_breadcrumbs_separator_color":"","ocean_breadcrumbs_links_color":"","ocean_breadcrumbs_links_hover_color":"","ocean_display_footer_widgets":"default","ocean_display_footer_bottom":"default","ocean_custom_footer_template":"0","footnotes":""},"class_list":["post-1719","page","type-page","status-publish","hentry","entry","has-media"],"yoast_head":"<!-- This site is optimized with the Yoast SEO plugin v24.7 - https:\/\/yoast.com\/wordpress\/plugins\/seo\/ -->\n<title>News - CMplast<\/title>\n<meta name=\"robots\" content=\"index, follow, max-snippet:-1, max-image-preview:large, max-video-preview:-1\" \/>\n<link rel=\"canonical\" href=\"https:\/\/cmplast.it\/news\/\" \/>\n<meta property=\"og:locale\" content=\"de_DE\" \/>\n<meta property=\"og:type\" content=\"article\" \/>\n<meta property=\"og:title\" content=\"News - CMplast\" \/>\n<meta property=\"og:description\" content=\"Hinterlassen Sie einen Kommentar\" \/>\n<meta property=\"og:url\" content=\"https:\/\/cmplast.it\/news\/\" \/>\n<meta property=\"og:site_name\" content=\"CMplast\" \/>\n<meta property=\"article:modified_time\" content=\"2022-02-10T09:21:07+00:00\" \/>\n<meta property=\"og:image\" content=\"https:\/\/cmplast.it\/wp-content\/uploads\/sottoiltitolo-300x12.png\" \/>\n<meta name=\"twitter:card\" content=\"summary_large_image\" \/>\n<script type=\"application\/ld+json\" class=\"yoast-schema-graph\">{\"@context\":\"https:\/\/schema.org\",\"@graph\":[{\"@type\":\"WebPage\",\"@id\":\"https:\/\/cmplast.it\/news\/\",\"url\":\"https:\/\/cmplast.it\/news\/\",\"name\":\"News - CMplast\",\"isPartOf\":{\"@id\":\"https:\/\/cmplast.it\/#website\"},\"primaryImageOfPage\":{\"@id\":\"https:\/\/cmplast.it\/news\/#primaryimage\"},\"image\":{\"@id\":\"https:\/\/cmplast.it\/news\/#primaryimage\"},\"thumbnailUrl\":\"https:\/\/cmplast.it\/wp-content\/uploads\/sottoiltitolo-300x12.png\",\"datePublished\":\"2022-02-10T09:21:06+00:00\",\"dateModified\":\"2022-02-10T09:21:07+00:00\",\"breadcrumb\":{\"@id\":\"https:\/\/cmplast.it\/news\/#breadcrumb\"},\"inLanguage\":\"de\",\"potentialAction\":[{\"@type\":\"ReadAction\",\"target\":[\"https:\/\/cmplast.it\/news\/\"]}]},{\"@type\":\"ImageObject\",\"inLanguage\":\"de\",\"@id\":\"https:\/\/cmplast.it\/news\/#primaryimage\",\"url\":\"https:\/\/cmplast.it\/wp-content\/uploads\/sottoiltitolo-300x12.png\",\"contentUrl\":\"https:\/\/cmplast.it\/wp-content\/uploads\/sottoiltitolo-300x12.png\"},{\"@type\":\"BreadcrumbList\",\"@id\":\"https:\/\/cmplast.it\/news\/#breadcrumb\",\"itemListElement\":[{\"@type\":\"ListItem\",\"position\":1,\"name\":\"Home\",\"item\":\"https:\/\/cmplast.it\/de\/\"},{\"@type\":\"ListItem\",\"position\":2,\"name\":\"News\"}]},{\"@type\":\"WebSite\",\"@id\":\"https:\/\/cmplast.it\/#website\",\"url\":\"https:\/\/cmplast.it\/\",\"name\":\"CMplast\",\"description\":\"\",\"publisher\":{\"@id\":\"https:\/\/cmplast.it\/#organization\"},\"potentialAction\":[{\"@type\":\"SearchAction\",\"target\":{\"@type\":\"EntryPoint\",\"urlTemplate\":\"https:\/\/cmplast.it\/?s={search_term_string}\"},\"query-input\":{\"@type\":\"PropertyValueSpecification\",\"valueRequired\":true,\"valueName\":\"search_term_string\"}}],\"inLanguage\":\"de\"},{\"@type\":\"Organization\",\"@id\":\"https:\/\/cmplast.it\/#organization\",\"name\":\"CMplast\",\"url\":\"https:\/\/cmplast.it\/\",\"logo\":{\"@type\":\"ImageObject\",\"inLanguage\":\"de\",\"@id\":\"https:\/\/cmplast.it\/#\/schema\/logo\/image\/\",\"url\":\"https:\/\/cmplast.it\/wp-content\/uploads\/cropped-CMPLAST_LOGO_OR_POSITIVO.png\",\"contentUrl\":\"https:\/\/cmplast.it\/wp-content\/uploads\/cropped-CMPLAST_LOGO_OR_POSITIVO.png\",\"width\":500,\"height\":176,\"caption\":\"CMplast\"},\"image\":{\"@id\":\"https:\/\/cmplast.it\/#\/schema\/logo\/image\/\"}}]}<\/script>\n<!-- \/ Yoast SEO plugin. -->","yoast_head_json":{"title":"News - CMplast","robots":{"index":"index","follow":"follow","max-snippet":"max-snippet:-1","max-image-preview":"max-image-preview:large","max-video-preview":"max-video-preview:-1"},"canonical":"https:\/\/cmplast.it\/news\/","og_locale":"de_DE","og_type":"article","og_title":"News - CMplast","og_description":"Hinterlassen Sie einen Kommentar","og_url":"https:\/\/cmplast.it\/news\/","og_site_name":"CMplast","article_modified_time":"2022-02-10T09:21:07+00:00","og_image":[{"url":"https:\/\/cmplast.it\/wp-content\/uploads\/sottoiltitolo-300x12.png","type":"","width":"","height":""}],"twitter_card":"summary_large_image","schema":{"@context":"https:\/\/schema.org","@graph":[{"@type":"WebPage","@id":"https:\/\/cmplast.it\/news\/","url":"https:\/\/cmplast.it\/news\/","name":"News - CMplast","isPartOf":{"@id":"https:\/\/cmplast.it\/#website"},"primaryImageOfPage":{"@id":"https:\/\/cmplast.it\/news\/#primaryimage"},"image":{"@id":"https:\/\/cmplast.it\/news\/#primaryimage"},"thumbnailUrl":"https:\/\/cmplast.it\/wp-content\/uploads\/sottoiltitolo-300x12.png","datePublished":"2022-02-10T09:21:06+00:00","dateModified":"2022-02-10T09:21:07+00:00","breadcrumb":{"@id":"https:\/\/cmplast.it\/news\/#breadcrumb"},"inLanguage":"de","potentialAction":[{"@type":"ReadAction","target":["https:\/\/cmplast.it\/news\/"]}]},{"@type":"ImageObject","inLanguage":"de","@id":"https:\/\/cmplast.it\/news\/#primaryimage","url":"https:\/\/cmplast.it\/wp-content\/uploads\/sottoiltitolo-300x12.png","contentUrl":"https:\/\/cmplast.it\/wp-content\/uploads\/sottoiltitolo-300x12.png"},{"@type":"BreadcrumbList","@id":"https:\/\/cmplast.it\/news\/#breadcrumb","itemListElement":[{"@type":"ListItem","position":1,"name":"Home","item":"https:\/\/cmplast.it\/de\/"},{"@type":"ListItem","position":2,"name":"News"}]},{"@type":"WebSite","@id":"https:\/\/cmplast.it\/#website","url":"https:\/\/cmplast.it\/","name":"CMplast","description":"","publisher":{"@id":"https:\/\/cmplast.it\/#organization"},"potentialAction":[{"@type":"SearchAction","target":{"@type":"EntryPoint","urlTemplate":"https:\/\/cmplast.it\/?s={search_term_string}"},"query-input":{"@type":"PropertyValueSpecification","valueRequired":true,"valueName":"search_term_string"}}],"inLanguage":"de"},{"@type":"Organization","@id":"https:\/\/cmplast.it\/#organization","name":"CMplast","url":"https:\/\/cmplast.it\/","logo":{"@type":"ImageObject","inLanguage":"de","@id":"https:\/\/cmplast.it\/#\/schema\/logo\/image\/","url":"https:\/\/cmplast.it\/wp-content\/uploads\/cropped-CMPLAST_LOGO_OR_POSITIVO.png","contentUrl":"https:\/\/cmplast.it\/wp-content\/uploads\/cropped-CMPLAST_LOGO_OR_POSITIVO.png","width":500,"height":176,"caption":"CMplast"},"image":{"@id":"https:\/\/cmplast.it\/#\/schema\/logo\/image\/"}}]}},"_links":{"self":[{"href":"https:\/\/cmplast.it\/de\/wp-json\/wp\/v2\/pages\/1719","targetHints":{"allow":["GET"]}}],"collection":[{"href":"https:\/\/cmplast.it\/de\/wp-json\/wp\/v2\/pages"}],"about":[{"href":"https:\/\/cmplast.it\/de\/wp-json\/wp\/v2\/types\/page"}],"author":[{"embeddable":true,"href":"https:\/\/cmplast.it\/de\/wp-json\/wp\/v2\/users\/1"}],"replies":[{"embeddable":true,"href":"https:\/\/cmplast.it\/de\/wp-json\/wp\/v2\/comments?post=1719"}],"version-history":[{"count":1,"href":"https:\/\/cmplast.it\/de\/wp-json\/wp\/v2\/pages\/1719\/revisions"}],"predecessor-version":[{"id":1720,"href":"https:\/\/cmplast.it\/de\/wp-json\/wp\/v2\/pages\/1719\/revisions\/1720"}],"wp:attachment":[{"href":"https:\/\/cmplast.it\/de\/wp-json\/wp\/v2\/media?parent=1719"}],"curies":[{"name":"wp","href":"https:\/\/api.w.org\/{rel}","templated":true}]}}